{"id":8315,"date":"2025-07-13T11:44:30","date_gmt":"2025-07-13T08:44:30","guid":{"rendered":"https:\/\/u.bytf.tk\/product\/gordios-kupe\/"},"modified":"2025-07-14T09:31:35","modified_gmt":"2025-07-14T06:31:35","slug":"gordios-kupe-kpeag10xgordios","status":"publish","type":"product","link":"https:\/\/u.bytf.tk\/tr\/product\/gordios-kupe-kpeag10xgordios\/","title":{"rendered":"Gordios K\u00fcpe"},"content":{"rendered":"<p>Frigya Kral\u0131 Gordios&#8217; un ad\u0131yla an\u0131lan efsanevi d\u00fc\u011f\u00fcmden esinlenilen k\u00fcpe<\/p>\n<p>10 ayar Alt\u0131n ve 925 ayar G\u00fcm\u00fc\u015f<\/p>\n<p>\u00a0<\/p>\n","protected":false},"excerpt":{"rendered":"<p>Frigya Kral\u0131 Gordios&#8217; un ad\u0131yla an\u0131lan efsanevi d\u00fc\u011f\u00fcmden esinlenilen k\u00fcpe 10 ayar Alt\u0131n ve 925 ayar G\u00fcm\u00fc\u015f \u00a0<\/p>\n","protected":false},"featured_media":3429,"template":"","meta":[],"product_brand":[],"product_cat":[569,562],"product_tag":[90,129,92,87,127,128,103,130,89],"class_list":{"0":"post-8315","1":"product","2":"type-product","3":"status-publish","4":"has-post-thumbnail","6":"product_cat-kupe","7":"product_cat-mucevher","8":"product_tag-altin","9":"product_tag-earring","10":"product_tag-gold","11":"product_tag-gumus","12":"product_tag-helenistik","13":"product_tag-helenistik-koleksiyonu","14":"product_tag-heritage","15":"product_tag-kupe","16":"product_tag-silver","18":"first","19":"instock","20":"taxable","21":"shipping-taxable","22":"purchasable","23":"product-type-simple"},"_links":{"self":[{"href":"https:\/\/u.bytf.tk\/tr\/wp-json\/wp\/v2\/product\/8315","targetHints":{"allow":["GET"]}}],"collection":[{"href":"https:\/\/u.bytf.tk\/tr\/wp-json\/wp\/v2\/product"}],"about":[{"href":"https:\/\/u.bytf.tk\/tr\/wp-json\/wp\/v2\/types\/product"}],"wp:featuredmedia":[{"embeddable":true,"href":"https:\/\/u.bytf.tk\/tr\/wp-json\/wp\/v2\/media\/3429"}],"wp:attachment":[{"href":"https:\/\/u.bytf.tk\/tr\/wp-json\/wp\/v2\/media?parent=8315"}],"wp:term":[{"taxonomy":"product_brand","embeddable":true,"href":"https:\/\/u.bytf.tk\/tr\/wp-json\/wp\/v2\/product_brand?post=8315"},{"taxonomy":"product_cat","embeddable":true,"href":"https:\/\/u.bytf.tk\/tr\/wp-json\/wp\/v2\/product_cat?post=8315"},{"taxonomy":"product_tag","embeddable":true,"href":"https:\/\/u.bytf.tk\/tr\/wp-json\/wp\/v2\/product_tag?post=8315"}],"curies":[{"name":"wp","href":"https:\/\/api.w.org\/{rel}","templated":true}]}}