{"id":8316,"date":"2025-07-13T11:44:30","date_gmt":"2025-07-13T08:44:30","guid":{"rendered":"https:\/\/u.bytf.tk\/product\/akad-siyah-mineli-yuzuk\/"},"modified":"2025-07-14T09:31:36","modified_gmt":"2025-07-14T06:31:36","slug":"akad-siyah-mineli-yuzuk-yzkag18hakad-mi","status":"publish","type":"product","link":"https:\/\/u.bytf.tk\/tr\/product\/akad-siyah-mineli-yuzuk-yzkag18hakad-mi\/","title":{"rendered":"Akad Siyah Mineli Y\u00fcz\u00fck"},"content":{"rendered":"<p>Mezopotamya m\u00fch\u00fcrlerinden uyarlama<\/p>\n<p>18 ayar alt\u0131n, 925 ayar g\u00fcm\u00fc\u015f ve\u00a0siyah mine<\/p>\n<p>\u00a0<\/p>\n","protected":false},"excerpt":{"rendered":"<p>Mezopotamya m\u00fch\u00fcrlerinden uyarlama 18 ayar alt\u0131n, 925 ayar g\u00fcm\u00fc\u015f ve\u00a0siyah mine \u00a0<\/p>\n","protected":false},"featured_media":3431,"template":"","meta":[],"product_brand":[],"product_cat":[562,571],"product_tag":[142,90,143,92,87,103,110,111,144,145,89,146,147,148],"class_list":{"0":"post-8316","1":"product","2":"type-product","3":"status-publish","4":"has-post-thumbnail","6":"product_cat-mucevher","7":"product_cat-yuzuk","8":"product_tag-akad","9":"product_tag-altin","10":"product_tag-enamel","11":"product_tag-gold","12":"product_tag-gumus","13":"product_tag-heritage","14":"product_tag-mezopotamya","15":"product_tag-mezopotamya-koleksiyonu","16":"product_tag-mine","17":"product_tag-ring","18":"product_tag-silver","19":"product_tag-summer","20":"product_tag-yaz","21":"product_tag-yuzuk","23":"first","24":"instock","25":"taxable","26":"shipping-taxable","27":"purchasable","28":"product-type-variable"},"_links":{"self":[{"href":"https:\/\/u.bytf.tk\/tr\/wp-json\/wp\/v2\/product\/8316","targetHints":{"allow":["GET"]}}],"collection":[{"href":"https:\/\/u.bytf.tk\/tr\/wp-json\/wp\/v2\/product"}],"about":[{"href":"https:\/\/u.bytf.tk\/tr\/wp-json\/wp\/v2\/types\/product"}],"wp:featuredmedia":[{"embeddable":true,"href":"https:\/\/u.bytf.tk\/tr\/wp-json\/wp\/v2\/media\/3431"}],"wp:attachment":[{"href":"https:\/\/u.bytf.tk\/tr\/wp-json\/wp\/v2\/media?parent=8316"}],"wp:term":[{"taxonomy":"product_brand","embeddable":true,"href":"https:\/\/u.bytf.tk\/tr\/wp-json\/wp\/v2\/product_brand?post=8316"},{"taxonomy":"product_cat","embeddable":true,"href":"https:\/\/u.bytf.tk\/tr\/wp-json\/wp\/v2\/product_cat?post=8316"},{"taxonomy":"product_tag","embeddable":true,"href":"https:\/\/u.bytf.tk\/tr\/wp-json\/wp\/v2\/product_tag?post=8316"}],"curies":[{"name":"wp","href":"https:\/\/api.w.org\/{rel}","templated":true}]}}