{"id":8331,"date":"2025-07-13T11:44:37","date_gmt":"2025-07-13T08:44:37","guid":{"rendered":"https:\/\/u.bytf.tk\/product\/dag-koyunu-pecete-halkasi\/"},"modified":"2025-07-14T09:31:39","modified_gmt":"2025-07-14T06:31:39","slug":"dag-koyunu-pecete-halkasi-ilk-pecebr-dag","status":"publish","type":"product","link":"https:\/\/u.bytf.tk\/tr\/product\/dag-koyunu-pecete-halkasi-ilk-pecebr-dag\/","title":{"rendered":"Da\u011f Koyunu Pe\u00e7ete Halkas\u0131"},"content":{"rendered":"<p>Da\u011f koyunu fig\u00fcrl\u00fc ve stilize boynuzlu Pe\u00e7ete Halkas\u0131<\/p>\n<p>Bronz<\/p>\n<p>2&#8217;li set<\/p>\n<p>\u00a0<\/p>\n","protected":false},"excerpt":{"rendered":"<p>Da\u011f koyunu fig\u00fcrl\u00fc ve stilize boynuzlu Pe\u00e7ete Halkas\u0131 Bronz 2&#8217;li set \u00a0<\/p>\n","protected":false},"featured_media":3491,"template":"","meta":[],"product_brand":[],"product_cat":[572,575],"product_tag":[84,85,109,91,98,156,173,115],"class_list":{"0":"post-8331","1":"product","2":"type-product","3":"status-publish","4":"has-post-thumbnail","6":"product_cat-home","7":"product_cat-sofra","8":"product_tag-bronz","9":"product_tag-bronze","10":"product_tag-chrismas","11":"product_tag-encoksatan","12":"product_tag-fauna-koleksiyonu","13":"product_tag-obje","14":"product_tag-sofra","15":"product_tag-yilbasi","17":"first","18":"instock","19":"taxable","20":"shipping-taxable","21":"purchasable","22":"product-type-simple"},"_links":{"self":[{"href":"https:\/\/u.bytf.tk\/tr\/wp-json\/wp\/v2\/product\/8331","targetHints":{"allow":["GET"]}}],"collection":[{"href":"https:\/\/u.bytf.tk\/tr\/wp-json\/wp\/v2\/product"}],"about":[{"href":"https:\/\/u.bytf.tk\/tr\/wp-json\/wp\/v2\/types\/product"}],"wp:featuredmedia":[{"embeddable":true,"href":"https:\/\/u.bytf.tk\/tr\/wp-json\/wp\/v2\/media\/3491"}],"wp:attachment":[{"href":"https:\/\/u.bytf.tk\/tr\/wp-json\/wp\/v2\/media?parent=8331"}],"wp:term":[{"taxonomy":"product_brand","embeddable":true,"href":"https:\/\/u.bytf.tk\/tr\/wp-json\/wp\/v2\/product_brand?post=8331"},{"taxonomy":"product_cat","embeddable":true,"href":"https:\/\/u.bytf.tk\/tr\/wp-json\/wp\/v2\/product_cat?post=8331"},{"taxonomy":"product_tag","embeddable":true,"href":"https:\/\/u.bytf.tk\/tr\/wp-json\/wp\/v2\/product_tag?post=8331"}],"curies":[{"name":"wp","href":"https:\/\/api.w.org\/{rel}","templated":true}]}}