{"id":8333,"date":"2025-07-13T11:44:37","date_gmt":"2025-07-13T08:44:37","guid":{"rendered":"https:\/\/u.bytf.tk\/product\/figue-de-turquie-mum\/"},"modified":"2025-07-14T09:31:44","modified_gmt":"2025-07-14T06:31:44","slug":"figue-de-turquie-mum-mumprxfiguedetu","status":"publish","type":"product","link":"https:\/\/u.bytf.tk\/tr\/product\/figue-de-turquie-mum-mumprxfiguedetu\/","title":{"rendered":"Figue De Turquie Mum"},"content":{"rendered":"<p>Hen\u00fcz olgunla\u015fmam\u0131\u015f ye\u015fil ham incirin k\u00f6rpe ve narin kokusu&#8230;<\/p>\n<p>Bronz ve cam<\/p>\n<p>\u00a0<\/p>\n","protected":false},"excerpt":{"rendered":"<p>Hen\u00fcz olgunla\u015fmam\u0131\u015f ye\u015fil ham incirin k\u00f6rpe ve narin kokusu&#8230; Bronz ve cam \u00a0<\/p>\n","protected":false},"featured_media":3500,"template":"","meta":[],"product_brand":[],"product_cat":[572,577],"product_tag":[84,85,178,109,91,179,88,180,156,115],"class_list":{"0":"post-8333","1":"product","2":"type-product","3":"status-publish","4":"has-post-thumbnail","6":"product_cat-home","7":"product_cat-mum","8":"product_tag-bronz","9":"product_tag-bronze","10":"product_tag-candle","11":"product_tag-chrismas","12":"product_tag-encoksatan","13":"product_tag-la-bougie","14":"product_tag-modern","15":"product_tag-mum","16":"product_tag-obje","17":"product_tag-yilbasi","18":"pa_kapak-cintemani","19":"pa_kapak-cipa","20":"pa_kapak-gul","21":"pa_kapak-kaktus","22":"pa_kapak-portakal-cicegi","23":"pa_kapak-sahin","25":"first","26":"instock","27":"taxable","28":"shipping-taxable","29":"purchasable","30":"product-type-variable"},"_links":{"self":[{"href":"https:\/\/u.bytf.tk\/tr\/wp-json\/wp\/v2\/product\/8333","targetHints":{"allow":["GET"]}}],"collection":[{"href":"https:\/\/u.bytf.tk\/tr\/wp-json\/wp\/v2\/product"}],"about":[{"href":"https:\/\/u.bytf.tk\/tr\/wp-json\/wp\/v2\/types\/product"}],"wp:featuredmedia":[{"embeddable":true,"href":"https:\/\/u.bytf.tk\/tr\/wp-json\/wp\/v2\/media\/3500"}],"wp:attachment":[{"href":"https:\/\/u.bytf.tk\/tr\/wp-json\/wp\/v2\/media?parent=8333"}],"wp:term":[{"taxonomy":"product_brand","embeddable":true,"href":"https:\/\/u.bytf.tk\/tr\/wp-json\/wp\/v2\/product_brand?post=8333"},{"taxonomy":"product_cat","embeddable":true,"href":"https:\/\/u.bytf.tk\/tr\/wp-json\/wp\/v2\/product_cat?post=8333"},{"taxonomy":"product_tag","embeddable":true,"href":"https:\/\/u.bytf.tk\/tr\/wp-json\/wp\/v2\/product_tag?post=8333"}],"curies":[{"name":"wp","href":"https:\/\/api.w.org\/{rel}","templated":true}]}}