{"id":8364,"date":"2025-07-13T11:44:46","date_gmt":"2025-07-13T08:44:46","guid":{"rendered":"https:\/\/u.bytf.tk\/product\/oval-koseli-bilezik\/"},"modified":"2025-07-14T09:31:47","modified_gmt":"2025-07-14T06:31:47","slug":"oval-koseli-bilezik-blzaa18xoval-ko","status":"publish","type":"product","link":"https:\/\/u.bytf.tk\/tr\/product\/oval-koseli-bilezik-blzaa18xoval-ko\/","title":{"rendered":"Oval K\u00f6\u015feli Bilezik"},"content":{"rendered":"<p>Modern \u00e7izgilerle dizayn edilmi\u015f bilezik<\/p>\n<p>18 ayar Alt\u0131n<\/p>\n<p>\u00a0<\/p>\n","protected":false},"excerpt":{"rendered":"<p>Modern \u00e7izgilerle dizayn edilmi\u015f bilezik 18 ayar Alt\u0131n \u00a0<\/p>\n","protected":false},"featured_media":3613,"template":"","meta":[],"product_brand":[],"product_cat":[563,562],"product_tag":[90,82,83,86,92,88,112,114],"class_list":{"0":"post-8364","1":"product","2":"type-product","3":"status-publish","4":"has-post-thumbnail","6":"product_cat-bilezik","7":"product_cat-mucevher","8":"product_tag-altin","9":"product_tag-bilezik","10":"product_tag-bracelet","11":"product_tag-contemporary","12":"product_tag-gold","13":"product_tag-modern","14":"product_tag-sevgililergunu","15":"product_tag-valentines","17":"first","18":"instock","19":"taxable","20":"shipping-taxable","21":"purchasable","22":"product-type-simple"},"_links":{"self":[{"href":"https:\/\/u.bytf.tk\/tr\/wp-json\/wp\/v2\/product\/8364","targetHints":{"allow":["GET"]}}],"collection":[{"href":"https:\/\/u.bytf.tk\/tr\/wp-json\/wp\/v2\/product"}],"about":[{"href":"https:\/\/u.bytf.tk\/tr\/wp-json\/wp\/v2\/types\/product"}],"wp:featuredmedia":[{"embeddable":true,"href":"https:\/\/u.bytf.tk\/tr\/wp-json\/wp\/v2\/media\/3613"}],"wp:attachment":[{"href":"https:\/\/u.bytf.tk\/tr\/wp-json\/wp\/v2\/media?parent=8364"}],"wp:term":[{"taxonomy":"product_brand","embeddable":true,"href":"https:\/\/u.bytf.tk\/tr\/wp-json\/wp\/v2\/product_brand?post=8364"},{"taxonomy":"product_cat","embeddable":true,"href":"https:\/\/u.bytf.tk\/tr\/wp-json\/wp\/v2\/product_cat?post=8364"},{"taxonomy":"product_tag","embeddable":true,"href":"https:\/\/u.bytf.tk\/tr\/wp-json\/wp\/v2\/product_tag?post=8364"}],"curies":[{"name":"wp","href":"https:\/\/api.w.org\/{rel}","templated":true}]}}