{"id":8372,"date":"2025-07-13T11:44:55","date_gmt":"2025-07-13T08:44:55","guid":{"rendered":"https:\/\/u.bytf.tk\/product\/guverse-uzun-kolye\/"},"modified":"2025-07-14T09:31:52","modified_gmt":"2025-07-14T06:31:52","slug":"guverse-uzun-kolye-klyag10xguv-uzu","status":"publish","type":"product","link":"https:\/\/u.bytf.tk\/tr\/product\/guverse-uzun-kolye-klyag10xguv-uzu\/","title":{"rendered":"G\u00fcverse Uzun Kolye"},"content":{"rendered":"<p>Y\u00fcksek nitelikli gran\u00fcl i\u015f\u00e7ili\u011fi ve ta\u015f bezemeli modern tasar\u0131m <\/p>\n<p>10\u00a0ayar Alt\u0131n, 925 ayar G\u00fcm\u00fc\u015f.<\/p>\n<p>Kolye standart uzunlu\u011fu 42 cm<\/p>\n<p>\u00a0<\/p>\n","protected":false},"excerpt":{"rendered":"<p>Y\u00fcksek nitelikli gran\u00fcl i\u015f\u00e7ili\u011fi ve ta\u015f bezemeli modern tasar\u0131m 10\u00a0ayar Alt\u0131n, 925 ayar G\u00fcm\u00fc\u015f. Kolye standart uzunlu\u011fu 42 cm \u00a0<\/p>\n","protected":false},"featured_media":3650,"template":"","meta":[],"product_brand":[],"product_cat":[567,562],"product_tag":[90,91,92,87,127,128,103,106,107,89],"class_list":{"0":"post-8372","1":"product","2":"type-product","3":"status-publish","4":"has-post-thumbnail","6":"product_cat-kolye","7":"product_cat-mucevher","8":"product_tag-altin","9":"product_tag-encoksatan","10":"product_tag-gold","11":"product_tag-gumus","12":"product_tag-helenistik","13":"product_tag-helenistik-koleksiyonu","14":"product_tag-heritage","15":"product_tag-kolye","16":"product_tag-necklace","17":"product_tag-silver","19":"first","20":"instock","21":"taxable","22":"shipping-taxable","23":"purchasable","24":"product-type-simple"},"_links":{"self":[{"href":"https:\/\/u.bytf.tk\/tr\/wp-json\/wp\/v2\/product\/8372","targetHints":{"allow":["GET"]}}],"collection":[{"href":"https:\/\/u.bytf.tk\/tr\/wp-json\/wp\/v2\/product"}],"about":[{"href":"https:\/\/u.bytf.tk\/tr\/wp-json\/wp\/v2\/types\/product"}],"wp:featuredmedia":[{"embeddable":true,"href":"https:\/\/u.bytf.tk\/tr\/wp-json\/wp\/v2\/media\/3650"}],"wp:attachment":[{"href":"https:\/\/u.bytf.tk\/tr\/wp-json\/wp\/v2\/media?parent=8372"}],"wp:term":[{"taxonomy":"product_brand","embeddable":true,"href":"https:\/\/u.bytf.tk\/tr\/wp-json\/wp\/v2\/product_brand?post=8372"},{"taxonomy":"product_cat","embeddable":true,"href":"https:\/\/u.bytf.tk\/tr\/wp-json\/wp\/v2\/product_cat?post=8372"},{"taxonomy":"product_tag","embeddable":true,"href":"https:\/\/u.bytf.tk\/tr\/wp-json\/wp\/v2\/product_tag?post=8372"}],"curies":[{"name":"wp","href":"https:\/\/api.w.org\/{rel}","templated":true}]}}