{"id":8388,"date":"2025-07-13T11:45:03","date_gmt":"2025-07-13T08:45:03","guid":{"rendered":"https:\/\/u.bytf.tk\/product\/hevenk-kupe\/"},"modified":"2025-07-14T09:31:59","modified_gmt":"2025-07-14T06:31:59","slug":"hevenk-kupe-kpeaa18xhevenk0","status":"publish","type":"product","link":"https:\/\/u.bytf.tk\/tr\/product\/hevenk-kupe-kpeaa18xhevenk0\/","title":{"rendered":"Hevenk K\u00fcpe"},"content":{"rendered":"<p>Mezopotamya k\u00fcpelerinden esinlenilerek tasarlanan ikonik k\u00fcpe<\/p>\n<p>M.\u00d6. 3000<\/p>\n<p>18 ayar Alt\u0131n<\/p>\n<p>\u00a0<\/p>\n","protected":false},"excerpt":{"rendered":"<p>Mezopotamya k\u00fcpelerinden esinlenilerek tasarlanan ikonik k\u00fcpe M.\u00d6. 3000 18 ayar Alt\u0131n \u00a0<\/p>\n","protected":false},"featured_media":3726,"template":"","meta":[],"product_brand":[],"product_cat":[569,562],"product_tag":[90,109,129,91,92,103,130,110,111,112,114,115],"class_list":{"0":"post-8388","1":"product","2":"type-product","3":"status-publish","4":"has-post-thumbnail","6":"product_cat-kupe","7":"product_cat-mucevher","8":"product_tag-altin","9":"product_tag-chrismas","10":"product_tag-earring","11":"product_tag-encoksatan","12":"product_tag-gold","13":"product_tag-heritage","14":"product_tag-kupe","15":"product_tag-mezopotamya","16":"product_tag-mezopotamya-koleksiyonu","17":"product_tag-sevgililergunu","18":"product_tag-valentines","19":"product_tag-yilbasi","21":"first","22":"instock","23":"taxable","24":"shipping-taxable","25":"purchasable","26":"product-type-simple"},"_links":{"self":[{"href":"https:\/\/u.bytf.tk\/tr\/wp-json\/wp\/v2\/product\/8388","targetHints":{"allow":["GET"]}}],"collection":[{"href":"https:\/\/u.bytf.tk\/tr\/wp-json\/wp\/v2\/product"}],"about":[{"href":"https:\/\/u.bytf.tk\/tr\/wp-json\/wp\/v2\/types\/product"}],"wp:featuredmedia":[{"embeddable":true,"href":"https:\/\/u.bytf.tk\/tr\/wp-json\/wp\/v2\/media\/3726"}],"wp:attachment":[{"href":"https:\/\/u.bytf.tk\/tr\/wp-json\/wp\/v2\/media?parent=8388"}],"wp:term":[{"taxonomy":"product_brand","embeddable":true,"href":"https:\/\/u.bytf.tk\/tr\/wp-json\/wp\/v2\/product_brand?post=8388"},{"taxonomy":"product_cat","embeddable":true,"href":"https:\/\/u.bytf.tk\/tr\/wp-json\/wp\/v2\/product_cat?post=8388"},{"taxonomy":"product_tag","embeddable":true,"href":"https:\/\/u.bytf.tk\/tr\/wp-json\/wp\/v2\/product_tag?post=8388"}],"curies":[{"name":"wp","href":"https:\/\/api.w.org\/{rel}","templated":true}]}}