{"id":8398,"date":"2025-07-13T11:45:03","date_gmt":"2025-07-13T08:45:03","guid":{"rendered":"https:\/\/u.bytf.tk\/product\/sonsuzluk-tekli-kucuk-kupe\/"},"modified":"2025-07-14T09:32:00","modified_gmt":"2025-07-14T06:32:00","slug":"sonsuzluk-tekli-kucuk-kupe-kpeag10dsonsu-k","status":"publish","type":"product","link":"https:\/\/u.bytf.tk\/tr\/product\/sonsuzluk-tekli-kucuk-kupe-kpeag10dsonsu-k\/","title":{"rendered":"Sonsuzluk Tekli &#8211; K\u00fc\u00e7\u00fck K\u00fcpe"},"content":{"rendered":"<p>Sel\u00e7uklu geometri sanat\u0131ndaki birbirini sonsuza dek takip eden desenlerden uyarlanan ikonik k\u00fcpe<\/p>\n<p>12.-13. yy<\/p>\n<p>10\u00a0ayar Alt\u0131n, 925 ayar G\u00fcm\u00fc\u015f, Kahverengi P\u0131rlanta<\/p>\n<p>\u00a0<\/p>\n","protected":false},"excerpt":{"rendered":"<p>Sel\u00e7uklu geometri sanat\u0131ndaki birbirini sonsuza dek takip eden desenlerden uyarlanan ikonik k\u00fcpe 12.-13. yy 10\u00a0ayar Alt\u0131n, 925 ayar G\u00fcm\u00fc\u015f, Kahverengi P\u0131rlanta \u00a0<\/p>\n","protected":false},"featured_media":3748,"template":"","meta":[],"product_brand":[],"product_cat":[569,562,579,565],"product_tag":[90,109,93,129,91,92,87,130,94,186,187,112,89,188,189,114,115],"class_list":{"0":"post-8398","1":"product","2":"type-product","3":"status-publish","4":"has-post-thumbnail","6":"product_cat-kupe","7":"product_cat-mucevher","8":"product_cat-sonsuzluk","9":"product_cat-urart-heritage","10":"product_tag-altin","11":"product_tag-chrismas","12":"product_tag-diamond","13":"product_tag-earring","14":"product_tag-encoksatan","15":"product_tag-gold","16":"product_tag-gumus","17":"product_tag-kupe","18":"product_tag-pirlanta","19":"product_tag-selcuklu","20":"product_tag-selcuklu-koleksiyonu","21":"product_tag-sevgililergunu","22":"product_tag-silver","23":"product_tag-sonsuzluk","24":"product_tag-sonsuzluk-koleksiyonu","25":"product_tag-valentines","26":"product_tag-yilbasi","28":"first","29":"instock","30":"taxable","31":"shipping-taxable","32":"purchasable","33":"product-type-simple"},"_links":{"self":[{"href":"https:\/\/u.bytf.tk\/tr\/wp-json\/wp\/v2\/product\/8398","targetHints":{"allow":["GET"]}}],"collection":[{"href":"https:\/\/u.bytf.tk\/tr\/wp-json\/wp\/v2\/product"}],"about":[{"href":"https:\/\/u.bytf.tk\/tr\/wp-json\/wp\/v2\/types\/product"}],"wp:featuredmedia":[{"embeddable":true,"href":"https:\/\/u.bytf.tk\/tr\/wp-json\/wp\/v2\/media\/3748"}],"wp:attachment":[{"href":"https:\/\/u.bytf.tk\/tr\/wp-json\/wp\/v2\/media?parent=8398"}],"wp:term":[{"taxonomy":"product_brand","embeddable":true,"href":"https:\/\/u.bytf.tk\/tr\/wp-json\/wp\/v2\/product_brand?post=8398"},{"taxonomy":"product_cat","embeddable":true,"href":"https:\/\/u.bytf.tk\/tr\/wp-json\/wp\/v2\/product_cat?post=8398"},{"taxonomy":"product_tag","embeddable":true,"href":"https:\/\/u.bytf.tk\/tr\/wp-json\/wp\/v2\/product_tag?post=8398"}],"curies":[{"name":"wp","href":"https:\/\/api.w.org\/{rel}","templated":true}]}}