{"id":8406,"date":"2025-07-13T11:45:11","date_gmt":"2025-07-13T08:45:11","guid":{"rendered":"https:\/\/u.bytf.tk\/product\/yontu-kupe\/"},"modified":"2025-07-14T09:32:06","modified_gmt":"2025-07-14T06:32:06","slug":"yontu-kupe-kpegg00xyontu00","status":"publish","type":"product","link":"https:\/\/u.bytf.tk\/tr\/product\/yontu-kupe-kpegg00xyontu00\/","title":{"rendered":"Yontu K\u00fcpe"},"content":{"rendered":"<p>Tun\u00e7 \u00c7a\u011f\u0131 Neolitik D\u00f6nemden esinlenilen ikonik k\u00fcpe<\/p>\n<p>925 ayar G\u00fcm\u00fc\u015f<\/p>\n<p>\u00a0<\/p>\n","protected":false},"excerpt":{"rendered":"<p>Tun\u00e7 \u00c7a\u011f\u0131 Neolitik D\u00f6nemden esinlenilen ikonik k\u00fcpe 925 ayar G\u00fcm\u00fc\u015f \u00a0<\/p>\n","protected":false},"featured_media":3767,"template":"","meta":[],"product_brand":[],"product_cat":[569,562],"product_tag":[129,87,103,130,164,165,89],"class_list":{"0":"post-8406","1":"product","2":"type-product","3":"status-publish","4":"has-post-thumbnail","6":"product_cat-kupe","7":"product_cat-mucevher","8":"product_tag-earring","9":"product_tag-gumus","10":"product_tag-heritage","11":"product_tag-kupe","12":"product_tag-neolitik","13":"product_tag-neolitik-cag-koleksiyonu","14":"product_tag-silver","16":"first","17":"instock","18":"taxable","19":"shipping-taxable","20":"purchasable","21":"product-type-simple"},"_links":{"self":[{"href":"https:\/\/u.bytf.tk\/tr\/wp-json\/wp\/v2\/product\/8406","targetHints":{"allow":["GET"]}}],"collection":[{"href":"https:\/\/u.bytf.tk\/tr\/wp-json\/wp\/v2\/product"}],"about":[{"href":"https:\/\/u.bytf.tk\/tr\/wp-json\/wp\/v2\/types\/product"}],"wp:featuredmedia":[{"embeddable":true,"href":"https:\/\/u.bytf.tk\/tr\/wp-json\/wp\/v2\/media\/3767"}],"wp:attachment":[{"href":"https:\/\/u.bytf.tk\/tr\/wp-json\/wp\/v2\/media?parent=8406"}],"wp:term":[{"taxonomy":"product_brand","embeddable":true,"href":"https:\/\/u.bytf.tk\/tr\/wp-json\/wp\/v2\/product_brand?post=8406"},{"taxonomy":"product_cat","embeddable":true,"href":"https:\/\/u.bytf.tk\/tr\/wp-json\/wp\/v2\/product_cat?post=8406"},{"taxonomy":"product_tag","embeddable":true,"href":"https:\/\/u.bytf.tk\/tr\/wp-json\/wp\/v2\/product_tag?post=8406"}],"curies":[{"name":"wp","href":"https:\/\/api.w.org\/{rel}","templated":true}]}}