{"id":8408,"date":"2025-07-13T11:45:11","date_gmt":"2025-07-13T08:45:11","guid":{"rendered":"https:\/\/u.bytf.tk\/product\/ceper-granullu-yuzuk\/"},"modified":"2025-07-14T09:32:08","modified_gmt":"2025-07-14T06:32:08","slug":"ceper-granullu-yuzuk-yzkaa18yceper-g","status":"publish","type":"product","link":"https:\/\/u.bytf.tk\/tr\/product\/ceper-granullu-yuzuk-yzkaa18yceper-g\/","title":{"rendered":"\u00c7eper Gran\u00fcll\u00fc Y\u00fcz\u00fck"},"content":{"rendered":"<p>Helenistik D\u00f6nem tak\u0131lar\u0131ndan uyarlanan y\u00fcz\u00fck<\/p>\n<p>18 ayar Alt\u0131n, Turkuaz<\/p>\n<p>\u00a0<\/p>\n","protected":false},"excerpt":{"rendered":"<p>Helenistik D\u00f6nem tak\u0131lar\u0131ndan uyarlanan y\u00fcz\u00fck 18 ayar Alt\u0131n, Turkuaz \u00a0<\/p>\n","protected":false},"featured_media":3772,"template":"","meta":[],"product_brand":[],"product_cat":[562,571],"product_tag":[90,92,103,145,139,140,141,212,213,148],"class_list":{"0":"post-8408","1":"product","2":"type-product","3":"status-publish","4":"has-post-thumbnail","6":"product_cat-mucevher","7":"product_cat-yuzuk","8":"product_tag-altin","9":"product_tag-gold","10":"product_tag-heritage","11":"product_tag-ring","12":"product_tag-roma","13":"product_tag-roma-donemi-koleksiyonu","14":"product_tag-roma-koleksiyonu","15":"product_tag-turkuaz","16":"product_tag-turquoise","17":"product_tag-yuzuk","19":"first","20":"instock","21":"taxable","22":"shipping-taxable","23":"purchasable","24":"product-type-variable"},"_links":{"self":[{"href":"https:\/\/u.bytf.tk\/tr\/wp-json\/wp\/v2\/product\/8408","targetHints":{"allow":["GET"]}}],"collection":[{"href":"https:\/\/u.bytf.tk\/tr\/wp-json\/wp\/v2\/product"}],"about":[{"href":"https:\/\/u.bytf.tk\/tr\/wp-json\/wp\/v2\/types\/product"}],"wp:featuredmedia":[{"embeddable":true,"href":"https:\/\/u.bytf.tk\/tr\/wp-json\/wp\/v2\/media\/3772"}],"wp:attachment":[{"href":"https:\/\/u.bytf.tk\/tr\/wp-json\/wp\/v2\/media?parent=8408"}],"wp:term":[{"taxonomy":"product_brand","embeddable":true,"href":"https:\/\/u.bytf.tk\/tr\/wp-json\/wp\/v2\/product_brand?post=8408"},{"taxonomy":"product_cat","embeddable":true,"href":"https:\/\/u.bytf.tk\/tr\/wp-json\/wp\/v2\/product_cat?post=8408"},{"taxonomy":"product_tag","embeddable":true,"href":"https:\/\/u.bytf.tk\/tr\/wp-json\/wp\/v2\/product_tag?post=8408"}],"curies":[{"name":"wp","href":"https:\/\/api.w.org\/{rel}","templated":true}]}}