{"id":8412,"date":"2025-07-13T11:45:11","date_gmt":"2025-07-13T08:45:11","guid":{"rendered":"https:\/\/u.bytf.tk\/product\/guverse-kalin-yuzuk\/"},"modified":"2025-07-14T09:32:09","modified_gmt":"2025-07-14T06:32:09","slug":"guverse-kalin-yuzuk-yzkag10xguver-k","status":"publish","type":"product","link":"https:\/\/u.bytf.tk\/tr\/product\/guverse-kalin-yuzuk-yzkag10xguver-k\/","title":{"rendered":"G\u00fcverse Kal\u0131n Y\u00fcz\u00fck"},"content":{"rendered":"<p>Y\u00fcksek nitelikli gran\u00fcl i\u015f\u00e7ili\u011fi ve ta\u015f bezemeli modern tasar\u0131m<\/p>\n<p>10\u00a0ayar Alt\u0131n, 925 ayar G\u00fcm\u00fc\u015f, Kahverengi P\u0131rlanta<\/p>\n<p>\u00a0<\/p>\n","protected":false},"excerpt":{"rendered":"<p>Y\u00fcksek nitelikli gran\u00fcl i\u015f\u00e7ili\u011fi ve ta\u015f bezemeli modern tasar\u0131m 10\u00a0ayar Alt\u0131n, 925 ayar G\u00fcm\u00fc\u015f, Kahverengi P\u0131rlanta \u00a0<\/p>\n","protected":false},"featured_media":3778,"template":"","meta":[],"product_brand":[],"product_cat":[562,571],"product_tag":[90,93,92,87,127,128,103,94,145,89,148],"class_list":{"0":"post-8412","1":"product","2":"type-product","3":"status-publish","4":"has-post-thumbnail","6":"product_cat-mucevher","7":"product_cat-yuzuk","8":"product_tag-altin","9":"product_tag-diamond","10":"product_tag-gold","11":"product_tag-gumus","12":"product_tag-helenistik","13":"product_tag-helenistik-koleksiyonu","14":"product_tag-heritage","15":"product_tag-pirlanta","16":"product_tag-ring","17":"product_tag-silver","18":"product_tag-yuzuk","20":"first","21":"instock","22":"taxable","23":"shipping-taxable","24":"purchasable","25":"product-type-variable"},"_links":{"self":[{"href":"https:\/\/u.bytf.tk\/tr\/wp-json\/wp\/v2\/product\/8412","targetHints":{"allow":["GET"]}}],"collection":[{"href":"https:\/\/u.bytf.tk\/tr\/wp-json\/wp\/v2\/product"}],"about":[{"href":"https:\/\/u.bytf.tk\/tr\/wp-json\/wp\/v2\/types\/product"}],"wp:featuredmedia":[{"embeddable":true,"href":"https:\/\/u.bytf.tk\/tr\/wp-json\/wp\/v2\/media\/3778"}],"wp:attachment":[{"href":"https:\/\/u.bytf.tk\/tr\/wp-json\/wp\/v2\/media?parent=8412"}],"wp:term":[{"taxonomy":"product_brand","embeddable":true,"href":"https:\/\/u.bytf.tk\/tr\/wp-json\/wp\/v2\/product_brand?post=8412"},{"taxonomy":"product_cat","embeddable":true,"href":"https:\/\/u.bytf.tk\/tr\/wp-json\/wp\/v2\/product_cat?post=8412"},{"taxonomy":"product_tag","embeddable":true,"href":"https:\/\/u.bytf.tk\/tr\/wp-json\/wp\/v2\/product_tag?post=8412"}],"curies":[{"name":"wp","href":"https:\/\/api.w.org\/{rel}","templated":true}]}}