{"id":8434,"date":"2025-07-13T11:45:19","date_gmt":"2025-07-13T08:45:19","guid":{"rendered":"https:\/\/u.bytf.tk\/product\/vurus-yuzuk\/"},"modified":"2025-07-14T09:32:24","modified_gmt":"2025-07-14T06:32:24","slug":"vurus-yuzuk-yzkaa18dvurus-s","status":"publish","type":"product","link":"https:\/\/u.bytf.tk\/tr\/product\/vurus-yuzuk-yzkaa18dvurus-s\/","title":{"rendered":"Vuru\u015f Y\u00fcz\u00fck"},"content":{"rendered":"<p>Modern \u00e7izgilerle dizayn edilmi\u015f\u00a0 ikonik y\u00fcz\u00fck<\/p>\n<p>18 ayar Alt\u0131n, P\u0131rlanta<\/p>\n<p>\u00a0<\/p>\n","protected":false},"excerpt":{"rendered":"<p>Modern \u00e7izgilerle dizayn edilmi\u015f\u00a0 ikonik y\u00fcz\u00fck 18 ayar Alt\u0131n, P\u0131rlanta \u00a0<\/p>\n","protected":false},"featured_media":3833,"template":"","meta":[],"product_brand":[],"product_cat":[562,571],"product_tag":[90,109,86,93,91,92,88,94,145,115,148],"class_list":{"0":"post-8434","1":"product","2":"type-product","3":"status-publish","4":"has-post-thumbnail","6":"product_cat-mucevher","7":"product_cat-yuzuk","8":"product_tag-altin","9":"product_tag-chrismas","10":"product_tag-contemporary","11":"product_tag-diamond","12":"product_tag-encoksatan","13":"product_tag-gold","14":"product_tag-modern","15":"product_tag-pirlanta","16":"product_tag-ring","17":"product_tag-yilbasi","18":"product_tag-yuzuk","20":"first","21":"instock","22":"taxable","23":"shipping-taxable","24":"purchasable","25":"product-type-variable"},"_links":{"self":[{"href":"https:\/\/u.bytf.tk\/tr\/wp-json\/wp\/v2\/product\/8434","targetHints":{"allow":["GET"]}}],"collection":[{"href":"https:\/\/u.bytf.tk\/tr\/wp-json\/wp\/v2\/product"}],"about":[{"href":"https:\/\/u.bytf.tk\/tr\/wp-json\/wp\/v2\/types\/product"}],"wp:featuredmedia":[{"embeddable":true,"href":"https:\/\/u.bytf.tk\/tr\/wp-json\/wp\/v2\/media\/3833"}],"wp:attachment":[{"href":"https:\/\/u.bytf.tk\/tr\/wp-json\/wp\/v2\/media?parent=8434"}],"wp:term":[{"taxonomy":"product_brand","embeddable":true,"href":"https:\/\/u.bytf.tk\/tr\/wp-json\/wp\/v2\/product_brand?post=8434"},{"taxonomy":"product_cat","embeddable":true,"href":"https:\/\/u.bytf.tk\/tr\/wp-json\/wp\/v2\/product_cat?post=8434"},{"taxonomy":"product_tag","embeddable":true,"href":"https:\/\/u.bytf.tk\/tr\/wp-json\/wp\/v2\/product_tag?post=8434"}],"curies":[{"name":"wp","href":"https:\/\/api.w.org\/{rel}","templated":true}]}}