{"id":8436,"date":"2025-07-13T11:45:19","date_gmt":"2025-07-13T08:45:19","guid":{"rendered":"https:\/\/u.bytf.tk\/product\/yazili-kaya-yuzuk\/"},"modified":"2025-07-14T09:32:25","modified_gmt":"2025-07-14T06:32:25","slug":"yazili-kaya-yuzuk-ilk-yzaa10yazkay","status":"publish","type":"product","link":"https:\/\/u.bytf.tk\/tr\/product\/yazili-kaya-yuzuk-ilk-yzaa10yazkay\/","title":{"rendered":"Yaz\u0131l\u0131 Kaya Y\u00fcz\u00fck"},"content":{"rendered":"<p>\u00c7orum Bo\u011fazk\u00f6y&#8217; deki kayalara oyularak yap\u0131lm\u0131\u015f, bug\u00fcnk\u00fc ad\u0131 Yaz\u0131l\u0131 Kaya olan, Hitit \u0130mparatorlu\u011funun kutsal a\u00e7\u0131k hava tap\u0131na\u011f\u0131 kabartmalar\u0131ndaki 12 Tanr\u0131 fig\u00fcr\u00fcnden uyarlanan ikonik y\u00fcz\u00fck<\/p>\n<p>M.\u00d6. 2000<\/p>\n<p>10\u00a0ayar Alt\u0131n, 925 ayar G\u00fcm\u00fc\u015f<\/p>\n<p>\u00a0<\/p>\n","protected":false},"excerpt":{"rendered":"<p>\u00c7orum Bo\u011fazk\u00f6y&#8217; deki kayalara oyularak yap\u0131lm\u0131\u015f, bug\u00fcnk\u00fc ad\u0131 Yaz\u0131l\u0131 Kaya olan, Hitit \u0130mparatorlu\u011funun kutsal a\u00e7\u0131k hava tap\u0131na\u011f\u0131 kabartmalar\u0131ndaki 12 Tanr\u0131 fig\u00fcr\u00fcnden uyarlanan ikonik y\u00fcz\u00fck M.\u00d6. 2000 10\u00a0ayar Alt\u0131n, 925 ayar G\u00fcm\u00fc\u015f \u00a0<\/p>\n","protected":false},"featured_media":3840,"template":"","meta":[],"product_brand":[],"product_cat":[562,571],"product_tag":[90,91,92,87,103,191,197,145,89,148],"class_list":{"0":"post-8436","1":"product","2":"type-product","3":"status-publish","4":"has-post-thumbnail","6":"product_cat-mucevher","7":"product_cat-yuzuk","8":"product_tag-altin","9":"product_tag-encoksatan","10":"product_tag-gold","11":"product_tag-gumus","12":"product_tag-heritage","13":"product_tag-hitit","14":"product_tag-hitit-koleksiyonu","15":"product_tag-ring","16":"product_tag-silver","17":"product_tag-yuzuk","19":"first","20":"instock","21":"taxable","22":"shipping-taxable","23":"purchasable","24":"product-type-variable"},"_links":{"self":[{"href":"https:\/\/u.bytf.tk\/tr\/wp-json\/wp\/v2\/product\/8436","targetHints":{"allow":["GET"]}}],"collection":[{"href":"https:\/\/u.bytf.tk\/tr\/wp-json\/wp\/v2\/product"}],"about":[{"href":"https:\/\/u.bytf.tk\/tr\/wp-json\/wp\/v2\/types\/product"}],"wp:featuredmedia":[{"embeddable":true,"href":"https:\/\/u.bytf.tk\/tr\/wp-json\/wp\/v2\/media\/3840"}],"wp:attachment":[{"href":"https:\/\/u.bytf.tk\/tr\/wp-json\/wp\/v2\/media?parent=8436"}],"wp:term":[{"taxonomy":"product_brand","embeddable":true,"href":"https:\/\/u.bytf.tk\/tr\/wp-json\/wp\/v2\/product_brand?post=8436"},{"taxonomy":"product_cat","embeddable":true,"href":"https:\/\/u.bytf.tk\/tr\/wp-json\/wp\/v2\/product_cat?post=8436"},{"taxonomy":"product_tag","embeddable":true,"href":"https:\/\/u.bytf.tk\/tr\/wp-json\/wp\/v2\/product_tag?post=8436"}],"curies":[{"name":"wp","href":"https:\/\/api.w.org\/{rel}","templated":true}]}}