{"id":8437,"date":"2025-07-13T11:45:19","date_gmt":"2025-07-13T08:45:19","guid":{"rendered":"https:\/\/u.bytf.tk\/product\/zirh-yuzuk\/"},"modified":"2025-07-14T09:32:26","modified_gmt":"2025-07-14T06:32:26","slug":"zirh-yuzuk-yzkag18xzirh000","status":"publish","type":"product","link":"https:\/\/u.bytf.tk\/tr\/product\/zirh-yuzuk-yzkag18xzirh000\/","title":{"rendered":"Z\u0131rh Y\u00fcz\u00fck"},"content":{"rendered":"<p>Osmanl\u0131 z\u0131rhlar\u0131ndaki metal \u00f6rme i\u015f\u00e7ili\u011finden uyarlanan ikonik y\u00fcz\u00fck<\/p>\n<p>18 ayar Alt\u0131n, 925 ayar G\u00fcm\u00fc\u015f<\/p>\n<p>\u00a0<\/p>\n","protected":false},"excerpt":{"rendered":"<p>Osmanl\u0131 z\u0131rhlar\u0131ndaki metal \u00f6rme i\u015f\u00e7ili\u011finden uyarlanan ikonik y\u00fcz\u00fck 18 ayar Alt\u0131n, 925 ayar G\u00fcm\u00fc\u015f \u00a0<\/p>\n","protected":false},"featured_media":3843,"template":"","meta":[],"product_brand":[],"product_cat":[562,571],"product_tag":[90,92,87,103,159,160,145,89,148],"class_list":{"0":"post-8437","1":"product","2":"type-product","3":"status-publish","4":"has-post-thumbnail","6":"product_cat-mucevher","7":"product_cat-yuzuk","8":"product_tag-altin","9":"product_tag-gold","10":"product_tag-gumus","11":"product_tag-heritage","12":"product_tag-osmanli","13":"product_tag-osmanli-koleksiyonu","14":"product_tag-ring","15":"product_tag-silver","16":"product_tag-yuzuk","18":"first","19":"instock","20":"taxable","21":"shipping-taxable","22":"purchasable","23":"product-type-variable"},"_links":{"self":[{"href":"https:\/\/u.bytf.tk\/tr\/wp-json\/wp\/v2\/product\/8437","targetHints":{"allow":["GET"]}}],"collection":[{"href":"https:\/\/u.bytf.tk\/tr\/wp-json\/wp\/v2\/product"}],"about":[{"href":"https:\/\/u.bytf.tk\/tr\/wp-json\/wp\/v2\/types\/product"}],"wp:featuredmedia":[{"embeddable":true,"href":"https:\/\/u.bytf.tk\/tr\/wp-json\/wp\/v2\/media\/3843"}],"wp:attachment":[{"href":"https:\/\/u.bytf.tk\/tr\/wp-json\/wp\/v2\/media?parent=8437"}],"wp:term":[{"taxonomy":"product_brand","embeddable":true,"href":"https:\/\/u.bytf.tk\/tr\/wp-json\/wp\/v2\/product_brand?post=8437"},{"taxonomy":"product_cat","embeddable":true,"href":"https:\/\/u.bytf.tk\/tr\/wp-json\/wp\/v2\/product_cat?post=8437"},{"taxonomy":"product_tag","embeddable":true,"href":"https:\/\/u.bytf.tk\/tr\/wp-json\/wp\/v2\/product_tag?post=8437"}],"curies":[{"name":"wp","href":"https:\/\/api.w.org\/{rel}","templated":true}]}}