{"id":8487,"date":"2025-07-13T11:45:47","date_gmt":"2025-07-13T08:45:47","guid":{"rendered":"https:\/\/u.bytf.tk\/product\/kelebekli-kucuk-vazo\/"},"modified":"2025-07-14T09:32:34","modified_gmt":"2025-07-14T06:32:34","slug":"kelebekli-kucuk-vazo-vazbrxkelebek-k","status":"publish","type":"product","link":"https:\/\/u.bytf.tk\/tr\/product\/kelebekli-kucuk-vazo-vazbrxkelebek-k\/","title":{"rendered":"Kelebekli &#8211; K\u00fc\u00e7\u00fck Vazo"},"content":{"rendered":"<p>Do\u011fan\u0131n narin varl\u0131\u011f\u0131 kelebek formundan esinlenen tasar\u0131m<\/p>\n<p>Bronz, Bak\u0131r<\/p>\n<p>Y\u00fckseklik : 19 cm<\/p>\n<p>\u00a0<\/p>\n","protected":false},"excerpt":{"rendered":"<p>Do\u011fan\u0131n narin varl\u0131\u011f\u0131 kelebek formundan esinlenen tasar\u0131m Bronz, Bak\u0131r Y\u00fckseklik : 19 cm \u00a0<\/p>\n","protected":false},"featured_media":3982,"template":"","meta":[],"product_brand":[],"product_cat":[572,586],"product_tag":[174,84,85,86,176,97,98,226,156,162,163],"class_list":{"0":"post-8487","1":"product","2":"type-product","3":"status-publish","4":"has-post-thumbnail","6":"product_cat-home","7":"product_cat-vazo","8":"product_tag-bakir","9":"product_tag-bronz","10":"product_tag-bronze","11":"product_tag-contemporary","12":"product_tag-copper","13":"product_tag-fauna","14":"product_tag-fauna-koleksiyonu","15":"product_tag-kelebek","16":"product_tag-obje","17":"product_tag-vase","18":"product_tag-vazo","20":"first","21":"instock","22":"taxable","23":"shipping-taxable","24":"purchasable","25":"product-type-simple"},"_links":{"self":[{"href":"https:\/\/u.bytf.tk\/tr\/wp-json\/wp\/v2\/product\/8487","targetHints":{"allow":["GET"]}}],"collection":[{"href":"https:\/\/u.bytf.tk\/tr\/wp-json\/wp\/v2\/product"}],"about":[{"href":"https:\/\/u.bytf.tk\/tr\/wp-json\/wp\/v2\/types\/product"}],"wp:featuredmedia":[{"embeddable":true,"href":"https:\/\/u.bytf.tk\/tr\/wp-json\/wp\/v2\/media\/3982"}],"wp:attachment":[{"href":"https:\/\/u.bytf.tk\/tr\/wp-json\/wp\/v2\/media?parent=8487"}],"wp:term":[{"taxonomy":"product_brand","embeddable":true,"href":"https:\/\/u.bytf.tk\/tr\/wp-json\/wp\/v2\/product_brand?post=8487"},{"taxonomy":"product_cat","embeddable":true,"href":"https:\/\/u.bytf.tk\/tr\/wp-json\/wp\/v2\/product_cat?post=8487"},{"taxonomy":"product_tag","embeddable":true,"href":"https:\/\/u.bytf.tk\/tr\/wp-json\/wp\/v2\/product_tag?post=8487"}],"curies":[{"name":"wp","href":"https:\/\/api.w.org\/{rel}","templated":true}]}}