{"id":8526,"date":"2025-07-13T11:46:06","date_gmt":"2025-07-13T08:46:06","guid":{"rendered":"https:\/\/u.bytf.tk\/product\/lampseki-tasma-kolye\/"},"modified":"2025-07-14T09:32:48","modified_gmt":"2025-07-14T06:32:48","slug":"lampseki-tasma-kolye-klyaa18xlamseki","status":"publish","type":"product","link":"https:\/\/u.bytf.tk\/tr\/product\/lampseki-tasma-kolye-klyaa18xlamseki\/","title":{"rendered":"Lampseki  Tasma Kolye"},"content":{"rendered":"<p>Helenistik D\u00f6nem tak\u0131lar\u0131ndan uyarlanan tasar\u0131m<\/p>\n<p>18 ayar Alt\u0131n<\/p>\n<p>\u00a0<\/p>\n","protected":false},"excerpt":{"rendered":"<p>Helenistik D\u00f6nem tak\u0131lar\u0131ndan uyarlanan tasar\u0131m 18 ayar Alt\u0131n \u00a0<\/p>\n","protected":false},"featured_media":4151,"template":"","meta":[],"product_brand":[],"product_cat":[567,562],"product_tag":[90,132,92,103,106,206,107,168],"class_list":{"0":"post-8526","1":"product","2":"type-product","3":"status-publish","4":"has-post-thumbnail","6":"product_cat-kolye","7":"product_cat-mucevher","8":"product_tag-altin","9":"product_tag-eski-tunc-cagi-koleksiyonu","10":"product_tag-gold","11":"product_tag-heritage","12":"product_tag-kolye","13":"product_tag-lamellis","14":"product_tag-necklace","15":"product_tag-tunc-cagi","17":"first","18":"instock","19":"taxable","20":"shipping-taxable","21":"purchasable","22":"product-type-simple"},"_links":{"self":[{"href":"https:\/\/u.bytf.tk\/tr\/wp-json\/wp\/v2\/product\/8526","targetHints":{"allow":["GET"]}}],"collection":[{"href":"https:\/\/u.bytf.tk\/tr\/wp-json\/wp\/v2\/product"}],"about":[{"href":"https:\/\/u.bytf.tk\/tr\/wp-json\/wp\/v2\/types\/product"}],"wp:featuredmedia":[{"embeddable":true,"href":"https:\/\/u.bytf.tk\/tr\/wp-json\/wp\/v2\/media\/4151"}],"wp:attachment":[{"href":"https:\/\/u.bytf.tk\/tr\/wp-json\/wp\/v2\/media?parent=8526"}],"wp:term":[{"taxonomy":"product_brand","embeddable":true,"href":"https:\/\/u.bytf.tk\/tr\/wp-json\/wp\/v2\/product_brand?post=8526"},{"taxonomy":"product_cat","embeddable":true,"href":"https:\/\/u.bytf.tk\/tr\/wp-json\/wp\/v2\/product_cat?post=8526"},{"taxonomy":"product_tag","embeddable":true,"href":"https:\/\/u.bytf.tk\/tr\/wp-json\/wp\/v2\/product_tag?post=8526"}],"curies":[{"name":"wp","href":"https:\/\/api.w.org\/{rel}","templated":true}]}}