{"id":8529,"date":"2025-07-13T11:46:14","date_gmt":"2025-07-13T08:46:14","guid":{"rendered":"https:\/\/u.bytf.tk\/product\/nil-damla-buyuk-kolye\/"},"modified":"2025-07-14T09:32:48","modified_gmt":"2025-07-14T06:32:48","slug":"nil-damla-ikili-buyuk-kupe-kpeag10xnil-dam","status":"publish","type":"product","link":"https:\/\/u.bytf.tk\/tr\/product\/nil-damla-ikili-buyuk-kupe-kpeag10xnil-dam\/","title":{"rendered":"Nil Damla &#8211; \u0130kili B\u00fcy\u00fck K\u00fcpe"},"content":{"rendered":"<p>Eski M\u0131s\u0131r\u2019\u0131n &#8220;\u015fafakta sulardan do\u011fan varl\u0131\u011f\u0131&#8221;\u00a0 derin\u00a0 bir sayg\u0131 uyand\u0131ran kutsal \u00e7i\u00e7e\u011fi lotustan esinlenen k\u00fcpe<\/p>\n<p>10\u00a0ayar Alt\u0131n, 925 ayar G\u00fcm\u00fc\u015f<\/p>\n<p>\u00a0<\/p>\n","protected":false},"excerpt":{"rendered":"<p>Eski M\u0131s\u0131r\u2019\u0131n &#8220;\u015fafakta sulardan do\u011fan varl\u0131\u011f\u0131&#8221;\u00a0 derin\u00a0 bir sayg\u0131 uyand\u0131ran kutsal \u00e7i\u00e7e\u011fi lotustan esinlenen k\u00fcpe 10\u00a0ayar Alt\u0131n, 925 ayar G\u00fcm\u00fc\u015f \u00a0<\/p>\n","protected":false},"featured_media":4191,"template":"","meta":[],"product_brand":[],"product_cat":[569,562],"product_tag":[90,129,92,87,103,130,250,251,260,89],"class_list":{"0":"post-8529","1":"product","2":"type-product","3":"status-publish","4":"has-post-thumbnail","6":"product_cat-kupe","7":"product_cat-mucevher","8":"product_tag-altin","9":"product_tag-earring","10":"product_tag-gold","11":"product_tag-gumus","12":"product_tag-heritage","13":"product_tag-kupe","14":"product_tag-misir","15":"product_tag-misir-koleksiyonu","16":"product_tag-nil","17":"product_tag-silver","19":"first","20":"instock","21":"taxable","22":"shipping-taxable","23":"purchasable","24":"product-type-simple"},"_links":{"self":[{"href":"https:\/\/u.bytf.tk\/tr\/wp-json\/wp\/v2\/product\/8529","targetHints":{"allow":["GET"]}}],"collection":[{"href":"https:\/\/u.bytf.tk\/tr\/wp-json\/wp\/v2\/product"}],"about":[{"href":"https:\/\/u.bytf.tk\/tr\/wp-json\/wp\/v2\/types\/product"}],"wp:featuredmedia":[{"embeddable":true,"href":"https:\/\/u.bytf.tk\/tr\/wp-json\/wp\/v2\/media\/4191"}],"wp:attachment":[{"href":"https:\/\/u.bytf.tk\/tr\/wp-json\/wp\/v2\/media?parent=8529"}],"wp:term":[{"taxonomy":"product_brand","embeddable":true,"href":"https:\/\/u.bytf.tk\/tr\/wp-json\/wp\/v2\/product_brand?post=8529"},{"taxonomy":"product_cat","embeddable":true,"href":"https:\/\/u.bytf.tk\/tr\/wp-json\/wp\/v2\/product_cat?post=8529"},{"taxonomy":"product_tag","embeddable":true,"href":"https:\/\/u.bytf.tk\/tr\/wp-json\/wp\/v2\/product_tag?post=8529"}],"curies":[{"name":"wp","href":"https:\/\/api.w.org\/{rel}","templated":true}]}}