{"id":8532,"date":"2025-07-13T11:46:06","date_gmt":"2025-07-13T08:46:06","guid":{"rendered":"https:\/\/u.bytf.tk\/product\/telek-kolye\/"},"modified":"2025-07-14T09:32:48","modified_gmt":"2025-07-14T06:32:48","slug":"telek-kolye-klyaa18xtelek00","status":"publish","type":"product","link":"https:\/\/u.bytf.tk\/tr\/product\/telek-kolye-klyaa18xtelek00\/","title":{"rendered":"Telek Kolye"},"content":{"rendered":"<p>Ku\u015f kanad\u0131 detay\u0131 ile tamamlanm\u0131\u015f zincir<\/p>\n<p>18 ayar Alt\u0131n.<\/p>\n<p>Kolye standart uzunlu\u011fu 42 cm<\/p>\n<p>\u00a0<\/p>\n","protected":false},"excerpt":{"rendered":"<p>Ku\u015f kanad\u0131 detay\u0131 ile tamamlanm\u0131\u015f zincir 18 ayar Alt\u0131n. Kolye standart uzunlu\u011fu 42 cm \u00a0<\/p>\n","protected":false},"featured_media":4168,"template":"","meta":[],"product_brand":[],"product_cat":[567,562],"product_tag":[90,86,92,106,154,155,107],"class_list":{"0":"post-8532","1":"product","2":"type-product","3":"status-publish","4":"has-post-thumbnail","6":"product_cat-kolye","7":"product_cat-mucevher","8":"product_tag-altin","9":"product_tag-contemporary","10":"product_tag-gold","11":"product_tag-kolye","12":"product_tag-natura","13":"product_tag-natura-koleksiyonu","14":"product_tag-necklace","16":"first","17":"instock","18":"taxable","19":"shipping-taxable","20":"purchasable","21":"product-type-simple"},"_links":{"self":[{"href":"https:\/\/u.bytf.tk\/tr\/wp-json\/wp\/v2\/product\/8532","targetHints":{"allow":["GET"]}}],"collection":[{"href":"https:\/\/u.bytf.tk\/tr\/wp-json\/wp\/v2\/product"}],"about":[{"href":"https:\/\/u.bytf.tk\/tr\/wp-json\/wp\/v2\/types\/product"}],"wp:featuredmedia":[{"embeddable":true,"href":"https:\/\/u.bytf.tk\/tr\/wp-json\/wp\/v2\/media\/4168"}],"wp:attachment":[{"href":"https:\/\/u.bytf.tk\/tr\/wp-json\/wp\/v2\/media?parent=8532"}],"wp:term":[{"taxonomy":"product_brand","embeddable":true,"href":"https:\/\/u.bytf.tk\/tr\/wp-json\/wp\/v2\/product_brand?post=8532"},{"taxonomy":"product_cat","embeddable":true,"href":"https:\/\/u.bytf.tk\/tr\/wp-json\/wp\/v2\/product_cat?post=8532"},{"taxonomy":"product_tag","embeddable":true,"href":"https:\/\/u.bytf.tk\/tr\/wp-json\/wp\/v2\/product_tag?post=8532"}],"curies":[{"name":"wp","href":"https:\/\/api.w.org\/{rel}","templated":true}]}}