{"id":8535,"date":"2025-07-13T11:46:06","date_gmt":"2025-07-13T08:46:06","guid":{"rendered":"https:\/\/u.bytf.tk\/product\/grappe-kupe\/"},"modified":"2025-07-14T09:32:53","modified_gmt":"2025-07-14T06:32:53","slug":"grappe-kupe-kpeag18dgrappe0","status":"publish","type":"product","link":"https:\/\/u.bytf.tk\/tr\/product\/grappe-kupe-kpeag18dgrappe0\/","title":{"rendered":"Grappe K\u00fcpe"},"content":{"rendered":"<p>K\u0131br\u0131s Ma\u011fusa yak\u0131nlar\u0131nda bulunan ve tarihi Orta Tun\u00e7 \u00c7a\u011f\u0131&#8217; na kadar uzanan Enkomi antik kenti kaz\u0131lar\u0131nda \u00e7\u0131kart\u0131lan tak\u0131lardan uyarlanan ikonik k\u00fcpe<\/p>\n<p>18 ayar Alt\u0131n, 925 ayar G\u00fcm\u00fc\u015f, Kahverengi P\u0131rlanta<\/p>\n<p>\u00a0<\/p>\n","protected":false},"excerpt":{"rendered":"<p>K\u0131br\u0131s Ma\u011fusa yak\u0131nlar\u0131nda bulunan ve tarihi Orta Tun\u00e7 \u00c7a\u011f\u0131&#8217; na kadar uzanan Enkomi antik kenti kaz\u0131lar\u0131nda \u00e7\u0131kart\u0131lan tak\u0131lardan uyarlanan ikonik k\u00fcpe 18 ayar Alt\u0131n, 925 ayar G\u00fcm\u00fc\u015f, Kahverengi P\u0131rlanta \u00a0<\/p>\n","protected":false},"featured_media":4179,"template":"","meta":[],"product_brand":[],"product_cat":[569,562],"product_tag":[90,93,129,92,87,103,256,257,258,130,94,89],"class_list":{"0":"post-8535","1":"product","2":"type-product","3":"status-publish","4":"has-post-thumbnail","6":"product_cat-kupe","7":"product_cat-mucevher","8":"product_tag-altin","9":"product_tag-diamond","10":"product_tag-earring","11":"product_tag-gold","12":"product_tag-gumus","13":"product_tag-heritage","14":"product_tag-kibris","15":"product_tag-kibris-enkomi","16":"product_tag-kibris-enkomi-koleksiyonu","17":"product_tag-kupe","18":"product_tag-pirlanta","19":"product_tag-silver","21":"first","22":"instock","23":"taxable","24":"shipping-taxable","25":"purchasable","26":"product-type-simple"},"_links":{"self":[{"href":"https:\/\/u.bytf.tk\/tr\/wp-json\/wp\/v2\/product\/8535","targetHints":{"allow":["GET"]}}],"collection":[{"href":"https:\/\/u.bytf.tk\/tr\/wp-json\/wp\/v2\/product"}],"about":[{"href":"https:\/\/u.bytf.tk\/tr\/wp-json\/wp\/v2\/types\/product"}],"wp:featuredmedia":[{"embeddable":true,"href":"https:\/\/u.bytf.tk\/tr\/wp-json\/wp\/v2\/media\/4179"}],"wp:attachment":[{"href":"https:\/\/u.bytf.tk\/tr\/wp-json\/wp\/v2\/media?parent=8535"}],"wp:term":[{"taxonomy":"product_brand","embeddable":true,"href":"https:\/\/u.bytf.tk\/tr\/wp-json\/wp\/v2\/product_brand?post=8535"},{"taxonomy":"product_cat","embeddable":true,"href":"https:\/\/u.bytf.tk\/tr\/wp-json\/wp\/v2\/product_cat?post=8535"},{"taxonomy":"product_tag","embeddable":true,"href":"https:\/\/u.bytf.tk\/tr\/wp-json\/wp\/v2\/product_tag?post=8535"}],"curies":[{"name":"wp","href":"https:\/\/api.w.org\/{rel}","templated":true}]}}