{"id":8538,"date":"2025-07-13T11:46:06","date_gmt":"2025-07-13T08:46:06","guid":{"rendered":"https:\/\/u.bytf.tk\/product\/lampseki-uzun-kupe\/"},"modified":"2025-07-14T09:32:54","modified_gmt":"2025-07-14T06:32:54","slug":"lampseki-uzun-kupe-ilk-kp18aa-lamp","status":"publish","type":"product","link":"https:\/\/u.bytf.tk\/tr\/product\/lampseki-uzun-kupe-ilk-kp18aa-lamp\/","title":{"rendered":"Lampseki &#8211; Uzun K\u00fcpe"},"content":{"rendered":"<p>Helenistik D\u00f6nem tak\u0131lar\u0131ndan uyarlanan tasar\u0131m<\/p>\n<p>M.\u00d6. 3.yy<\/p>\n<p>18 ayar Alt\u0131n, P\u0131rlanta<\/p>\n","protected":false},"excerpt":{"rendered":"<p>Helenistik D\u00f6nem tak\u0131lar\u0131ndan uyarlanan tasar\u0131m M.\u00d6. 3.yy 18 ayar Alt\u0131n, P\u0131rlanta<\/p>\n","protected":false},"featured_media":4183,"template":"","meta":[],"product_brand":[],"product_cat":[569,562],"product_tag":[90,93,129,92,127,128,103,130,259,94],"class_list":{"0":"post-8538","1":"product","2":"type-product","3":"status-publish","4":"has-post-thumbnail","6":"product_cat-kupe","7":"product_cat-mucevher","8":"product_tag-altin","9":"product_tag-diamond","10":"product_tag-earring","11":"product_tag-gold","12":"product_tag-helenistik","13":"product_tag-helenistik-koleksiyonu","14":"product_tag-heritage","15":"product_tag-kupe","16":"product_tag-lampseki","17":"product_tag-pirlanta","19":"first","20":"instock","21":"taxable","22":"shipping-taxable","23":"purchasable","24":"product-type-simple"},"_links":{"self":[{"href":"https:\/\/u.bytf.tk\/tr\/wp-json\/wp\/v2\/product\/8538","targetHints":{"allow":["GET"]}}],"collection":[{"href":"https:\/\/u.bytf.tk\/tr\/wp-json\/wp\/v2\/product"}],"about":[{"href":"https:\/\/u.bytf.tk\/tr\/wp-json\/wp\/v2\/types\/product"}],"wp:featuredmedia":[{"embeddable":true,"href":"https:\/\/u.bytf.tk\/tr\/wp-json\/wp\/v2\/media\/4183"}],"wp:attachment":[{"href":"https:\/\/u.bytf.tk\/tr\/wp-json\/wp\/v2\/media?parent=8538"}],"wp:term":[{"taxonomy":"product_brand","embeddable":true,"href":"https:\/\/u.bytf.tk\/tr\/wp-json\/wp\/v2\/product_brand?post=8538"},{"taxonomy":"product_cat","embeddable":true,"href":"https:\/\/u.bytf.tk\/tr\/wp-json\/wp\/v2\/product_cat?post=8538"},{"taxonomy":"product_tag","embeddable":true,"href":"https:\/\/u.bytf.tk\/tr\/wp-json\/wp\/v2\/product_tag?post=8538"}],"curies":[{"name":"wp","href":"https:\/\/api.w.org\/{rel}","templated":true}]}}