{"id":8545,"date":"2025-07-13T11:46:14","date_gmt":"2025-07-13T08:46:14","guid":{"rendered":"https:\/\/u.bytf.tk\/product\/telek-kupe\/"},"modified":"2025-07-14T09:32:55","modified_gmt":"2025-07-14T06:32:55","slug":"telek-kupe-kpeaa18xtelek-s","status":"publish","type":"product","link":"https:\/\/u.bytf.tk\/tr\/product\/telek-kupe-kpeaa18xtelek-s\/","title":{"rendered":"Telek K\u00fcpe"},"content":{"rendered":"<p>Ku\u015f kanad\u0131 detay\u0131yla tamamlanm\u0131\u015f sallant\u0131l\u0131 k\u00fcpe<\/p>\n<p>18 ayar Alt\u0131n<\/p>\n<p>\u00a0<\/p>\n","protected":false},"excerpt":{"rendered":"<p>Ku\u015f kanad\u0131 detay\u0131yla tamamlanm\u0131\u015f sallant\u0131l\u0131 k\u00fcpe 18 ayar Alt\u0131n \u00a0<\/p>\n","protected":false},"featured_media":4201,"template":"","meta":[],"product_brand":[],"product_cat":[569,562],"product_tag":[90,86,129,92,130,154,155],"class_list":{"0":"post-8545","1":"product","2":"type-product","3":"status-publish","4":"has-post-thumbnail","6":"product_cat-kupe","7":"product_cat-mucevher","8":"product_tag-altin","9":"product_tag-contemporary","10":"product_tag-earring","11":"product_tag-gold","12":"product_tag-kupe","13":"product_tag-natura","14":"product_tag-natura-koleksiyonu","16":"first","17":"instock","18":"taxable","19":"shipping-taxable","20":"purchasable","21":"product-type-simple"},"_links":{"self":[{"href":"https:\/\/u.bytf.tk\/tr\/wp-json\/wp\/v2\/product\/8545","targetHints":{"allow":["GET"]}}],"collection":[{"href":"https:\/\/u.bytf.tk\/tr\/wp-json\/wp\/v2\/product"}],"about":[{"href":"https:\/\/u.bytf.tk\/tr\/wp-json\/wp\/v2\/types\/product"}],"wp:featuredmedia":[{"embeddable":true,"href":"https:\/\/u.bytf.tk\/tr\/wp-json\/wp\/v2\/media\/4201"}],"wp:attachment":[{"href":"https:\/\/u.bytf.tk\/tr\/wp-json\/wp\/v2\/media?parent=8545"}],"wp:term":[{"taxonomy":"product_brand","embeddable":true,"href":"https:\/\/u.bytf.tk\/tr\/wp-json\/wp\/v2\/product_brand?post=8545"},{"taxonomy":"product_cat","embeddable":true,"href":"https:\/\/u.bytf.tk\/tr\/wp-json\/wp\/v2\/product_cat?post=8545"},{"taxonomy":"product_tag","embeddable":true,"href":"https:\/\/u.bytf.tk\/tr\/wp-json\/wp\/v2\/product_tag?post=8545"}],"curies":[{"name":"wp","href":"https:\/\/api.w.org\/{rel}","templated":true}]}}