{"id":8546,"date":"2025-07-13T11:46:14","date_gmt":"2025-07-13T08:46:14","guid":{"rendered":"https:\/\/u.bytf.tk\/product\/ur-beyaz-buyuk-kupe\/"},"modified":"2025-07-14T09:32:55","modified_gmt":"2025-07-14T06:32:55","slug":"ur-beyaz-buyuk-kupe-kpeaa18xur-beya","status":"publish","type":"product","link":"https:\/\/u.bytf.tk\/tr\/product\/ur-beyaz-buyuk-kupe-kpeaa18xur-beya\/","title":{"rendered":"Ur &#8211; Beyaz B\u00fcy\u00fck K\u00fcpe"},"content":{"rendered":"<p>Mezopotamya&#8217; da sa\u00e7 s\u00fcs\u00fc olarak kullan\u0131lan alt\u0131n helezonlardan uyarlanan ikonik k\u00fcpe<\/p>\n<p>18 Ayar Alt\u0131n<\/p>\n<p>\u00a0<\/p>\n","protected":false},"excerpt":{"rendered":"<p>Mezopotamya&#8217; da sa\u00e7 s\u00fcs\u00fc olarak kullan\u0131lan alt\u0131n helezonlardan uyarlanan ikonik k\u00fcpe 18 Ayar Alt\u0131n \u00a0<\/p>\n","protected":false},"featured_media":4204,"template":"","meta":[],"product_brand":[],"product_cat":[569,562],"product_tag":[90,109,129,91,92,103,130,110,111,112,114,115],"class_list":{"0":"post-8546","1":"product","2":"type-product","3":"status-publish","4":"has-post-thumbnail","6":"product_cat-kupe","7":"product_cat-mucevher","8":"product_tag-altin","9":"product_tag-chrismas","10":"product_tag-earring","11":"product_tag-encoksatan","12":"product_tag-gold","13":"product_tag-heritage","14":"product_tag-kupe","15":"product_tag-mezopotamya","16":"product_tag-mezopotamya-koleksiyonu","17":"product_tag-sevgililergunu","18":"product_tag-valentines","19":"product_tag-yilbasi","21":"first","22":"instock","23":"taxable","24":"shipping-taxable","25":"purchasable","26":"product-type-simple"},"_links":{"self":[{"href":"https:\/\/u.bytf.tk\/tr\/wp-json\/wp\/v2\/product\/8546","targetHints":{"allow":["GET"]}}],"collection":[{"href":"https:\/\/u.bytf.tk\/tr\/wp-json\/wp\/v2\/product"}],"about":[{"href":"https:\/\/u.bytf.tk\/tr\/wp-json\/wp\/v2\/types\/product"}],"wp:featuredmedia":[{"embeddable":true,"href":"https:\/\/u.bytf.tk\/tr\/wp-json\/wp\/v2\/media\/4204"}],"wp:attachment":[{"href":"https:\/\/u.bytf.tk\/tr\/wp-json\/wp\/v2\/media?parent=8546"}],"wp:term":[{"taxonomy":"product_brand","embeddable":true,"href":"https:\/\/u.bytf.tk\/tr\/wp-json\/wp\/v2\/product_brand?post=8546"},{"taxonomy":"product_cat","embeddable":true,"href":"https:\/\/u.bytf.tk\/tr\/wp-json\/wp\/v2\/product_cat?post=8546"},{"taxonomy":"product_tag","embeddable":true,"href":"https:\/\/u.bytf.tk\/tr\/wp-json\/wp\/v2\/product_tag?post=8546"}],"curies":[{"name":"wp","href":"https:\/\/api.w.org\/{rel}","templated":true}]}}