{"id":8552,"date":"2025-07-13T11:46:14","date_gmt":"2025-07-13T08:46:14","guid":{"rendered":"https:\/\/u.bytf.tk\/product\/siren-ajur-kolye\/"},"modified":"2025-07-14T09:32:56","modified_gmt":"2025-07-14T06:32:56","slug":"siren-ajur-kolye-klyaa18ysiren00","status":"publish","type":"product","link":"https:\/\/u.bytf.tk\/tr\/product\/siren-ajur-kolye-klyaa18ysiren00\/","title":{"rendered":"Siren Ajur Kolye"},"content":{"rendered":"<p>Urart 50.Y\u0131l \u00f6zel koleksiyonu Siren, Anadolu&#8217;nun M.\u00d6 7-8.yy. g\u00fc\u00e7l\u00fc uygarl\u0131\u011f\u0131 Urartu eserlerinde kanatl\u0131 fig\u00fcrlerden esinlendi.<\/p>\n<p>Ne\u015fe ve mutluluk veren, kanatlar\u0131 oldu\u011fu i\u00e7in g\u00f6k s\u0131rlar\u0131na ve yarat\u0131c\u0131ya yak\u0131n olan\u00a0yar\u0131 insan yar\u0131 ku\u015f\u00a0Siren, 50 y\u0131ldan bu yana Urart&#8217;\u0131n \u00fcst\u00fcn tasar\u0131m g\u00fcc\u00fcn\u00fcn ve y\u00fcksek nitelikli el i\u015f\u00e7ili\u011finin de\u00a0sembol\u00fc olarak Urart logosunda yeral\u0131yor.<\/p>\n<p>Urartu uygarl\u0131\u011f\u0131n\u0131n en g\u00f6ze \u00e7arpan motifi kanatl\u0131 kazan kulbu Siren,\u00a0binlerce y\u0131l\u0131n metal i\u015f\u00e7ili\u011fini, kuyumculuk, sanat ve esteti\u011fini bug\u00fcne ve gelece\u011fe ta\u015f\u0131yor.<\/p>\n<p>18 Ayar Alt\u0131n ve Aquamarine<\/p>\n<p>Zincir uzunlu\u011fu : 48 cm<\/p><\/p>\n","protected":false},"excerpt":{"rendered":"<p>Urart 50.Y\u0131l \u00f6zel koleksiyonu Siren, Anadolu&#8217;nun M.\u00d6 7-8.yy. g\u00fc\u00e7l\u00fc uygarl\u0131\u011f\u0131 Urartu eserlerinde kanatl\u0131 fig\u00fcrlerden esinlendi. Ne\u015fe ve mutluluk veren, kanatlar\u0131 oldu\u011fu i\u00e7in g\u00f6k s\u0131rlar\u0131na ve yarat\u0131c\u0131ya yak\u0131n olan\u00a0yar\u0131 insan yar\u0131 ku\u015f\u00a0Siren, 50 y\u0131ldan bu yana Urart&#8217;\u0131n \u00fcst\u00fcn tasar\u0131m g\u00fcc\u00fcn\u00fcn ve y\u00fcksek nitelikli el i\u015f\u00e7ili\u011finin de\u00a0sembol\u00fc olarak Urart logosunda yeral\u0131yor. Urartu uygarl\u0131\u011f\u0131n\u0131n&hellip;<\/p>\n","protected":false},"featured_media":4225,"template":"","meta":[],"product_brand":[],"product_cat":[567,562,566,565],"product_tag":[262,90,267,109,91,92,106,144,112,265,266,114,214,115],"class_list":{"0":"post-8552","1":"product","2":"type-product","3":"status-publish","4":"has-post-thumbnail","6":"product_cat-kolye","7":"product_cat-mucevher","8":"product_cat-siren","9":"product_cat-urart-heritage","10":"product_tag-50-yil","11":"product_tag-altin","12":"product_tag-aquamarine","13":"product_tag-chrismas","14":"product_tag-encoksatan","15":"product_tag-gold","16":"product_tag-kolye","17":"product_tag-mine","18":"product_tag-sevgililergunu","19":"product_tag-siren","20":"product_tag-siren-koleksiyonu","21":"product_tag-valentines","22":"product_tag-yeni","23":"product_tag-yilbasi","25":"first","26":"instock","27":"taxable","28":"shipping-taxable","29":"purchasable","30":"product-type-simple"},"_links":{"self":[{"href":"https:\/\/u.bytf.tk\/tr\/wp-json\/wp\/v2\/product\/8552","targetHints":{"allow":["GET"]}}],"collection":[{"href":"https:\/\/u.bytf.tk\/tr\/wp-json\/wp\/v2\/product"}],"about":[{"href":"https:\/\/u.bytf.tk\/tr\/wp-json\/wp\/v2\/types\/product"}],"wp:featuredmedia":[{"embeddable":true,"href":"https:\/\/u.bytf.tk\/tr\/wp-json\/wp\/v2\/media\/4225"}],"wp:attachment":[{"href":"https:\/\/u.bytf.tk\/tr\/wp-json\/wp\/v2\/media?parent=8552"}],"wp:term":[{"taxonomy":"product_brand","embeddable":true,"href":"https:\/\/u.bytf.tk\/tr\/wp-json\/wp\/v2\/product_brand?post=8552"},{"taxonomy":"product_cat","embeddable":true,"href":"https:\/\/u.bytf.tk\/tr\/wp-json\/wp\/v2\/product_cat?post=8552"},{"taxonomy":"product_tag","embeddable":true,"href":"https:\/\/u.bytf.tk\/tr\/wp-json\/wp\/v2\/product_tag?post=8552"}],"curies":[{"name":"wp","href":"https:\/\/api.w.org\/{rel}","templated":true}]}}