{"id":8587,"date":"2025-07-13T11:46:35","date_gmt":"2025-07-13T08:46:35","guid":{"rendered":"https:\/\/u.bytf.tk\/product\/mabet-ii-kolye\/"},"modified":"2025-07-14T09:33:10","modified_gmt":"2025-07-14T06:33:10","slug":"mabet-ii-kolye-klyag18dmabetii","status":"publish","type":"product","link":"https:\/\/u.bytf.tk\/tr\/product\/mabet-ii-kolye-klyag18dmabetii\/","title":{"rendered":"Mabet II Kolye"},"content":{"rendered":"<p>D\u00fcnya k\u00fclt\u00fcr miras\u0131 G\u00f6beklitepe&#8217;nin g\u00f6k g\u00fc\u00e7lerine adanan tap\u0131naklar\u0131nda ki ta\u015f i\u015f\u00e7ili\u011finden esinlenilerek, yenilik\u00e7i bir dokunu\u015fla tasarland\u0131&#8230;Sanat\u0131n, ruhu ar\u0131nd\u0131rma\u00a0g\u00fcc\u00fcn\u00fc yans\u0131tan ikonik bilezik<\/p>\n<p>M.\u00d6. 12.000<\/p>\n<p>18 ayar Alt\u0131n, 925 ayar G\u00fcm\u00fc\u015f, Kahverengi P\u0131rlanta<\/p>\n<p>Zincir uzunlu\u011fu : 60 cm<\/p><\/p>\n","protected":false},"excerpt":{"rendered":"<p>D\u00fcnya k\u00fclt\u00fcr miras\u0131 G\u00f6beklitepe&#8217;nin g\u00f6k g\u00fc\u00e7lerine adanan tap\u0131naklar\u0131nda ki ta\u015f i\u015f\u00e7ili\u011finden esinlenilerek, yenilik\u00e7i bir dokunu\u015fla tasarland\u0131&#8230;Sanat\u0131n, ruhu ar\u0131nd\u0131rma\u00a0g\u00fcc\u00fcn\u00fc yans\u0131tan ikonik bilezik M.\u00d6. 12.000 18 ayar Alt\u0131n, 925 ayar G\u00fcm\u00fc\u015f, Kahverengi P\u0131rlanta Zincir uzunlu\u011fu : 60 cm<\/p>\n","protected":false},"featured_media":4534,"template":"","meta":[],"product_brand":[],"product_cat":[580,567,562,565],"product_tag":[90,195,196,92,87,103,106,107,89],"class_list":{"0":"post-8587","1":"product","2":"type-product","3":"status-publish","4":"has-post-thumbnail","6":"product_cat-gobeklitepe","7":"product_cat-kolye","8":"product_cat-mucevher","9":"product_cat-urart-heritage","10":"product_tag-altin","11":"product_tag-gobeklitepe","12":"product_tag-gobeklitepe-koleksiyonu","13":"product_tag-gold","14":"product_tag-gumus","15":"product_tag-heritage","16":"product_tag-kolye","17":"product_tag-necklace","18":"product_tag-silver","20":"first","21":"instock","22":"taxable","23":"shipping-taxable","24":"purchasable","25":"product-type-simple"},"_links":{"self":[{"href":"https:\/\/u.bytf.tk\/tr\/wp-json\/wp\/v2\/product\/8587","targetHints":{"allow":["GET"]}}],"collection":[{"href":"https:\/\/u.bytf.tk\/tr\/wp-json\/wp\/v2\/product"}],"about":[{"href":"https:\/\/u.bytf.tk\/tr\/wp-json\/wp\/v2\/types\/product"}],"wp:featuredmedia":[{"embeddable":true,"href":"https:\/\/u.bytf.tk\/tr\/wp-json\/wp\/v2\/media\/4534"}],"wp:attachment":[{"href":"https:\/\/u.bytf.tk\/tr\/wp-json\/wp\/v2\/media?parent=8587"}],"wp:term":[{"taxonomy":"product_brand","embeddable":true,"href":"https:\/\/u.bytf.tk\/tr\/wp-json\/wp\/v2\/product_brand?post=8587"},{"taxonomy":"product_cat","embeddable":true,"href":"https:\/\/u.bytf.tk\/tr\/wp-json\/wp\/v2\/product_cat?post=8587"},{"taxonomy":"product_tag","embeddable":true,"href":"https:\/\/u.bytf.tk\/tr\/wp-json\/wp\/v2\/product_tag?post=8587"}],"curies":[{"name":"wp","href":"https:\/\/api.w.org\/{rel}","templated":true}]}}