{"id":8608,"date":"2025-07-13T11:46:55","date_gmt":"2025-07-13T08:46:55","guid":{"rendered":"https:\/\/u.bytf.tk\/product\/troya-idol-kupe\/"},"modified":"2025-07-14T09:33:19","modified_gmt":"2025-07-14T06:33:19","slug":"troya-idol-kupe-kpeaa18xtroyaid","status":"publish","type":"product","link":"https:\/\/u.bytf.tk\/tr\/product\/troya-idol-kupe-kpeaa18xtroyaid\/","title":{"rendered":"Troya \u0130dol K\u00fcpe"},"content":{"rendered":"<p>Yunan \u015fairi Homeros&#8217; un efsanevi destan\u0131 \u0130lyada&#8217; n\u0131n ge\u00e7ti\u011fi Truva kenti hazinelerinden d\u00fczenlenen ikonik k\u00fcpe<\/p>\n<p>M.\u00d6. 2000<\/p>\n<p>18 ayar Alt\u0131n<\/p><\/p>\n","protected":false},"excerpt":{"rendered":"<p>Yunan \u015fairi Homeros&#8217; un efsanevi destan\u0131 \u0130lyada&#8217; n\u0131n ge\u00e7ti\u011fi Truva kenti hazinelerinden d\u00fczenlenen ikonik k\u00fcpe M.\u00d6. 2000 18 ayar Alt\u0131n<\/p>\n","protected":false},"featured_media":5065,"template":"","meta":[],"product_brand":[],"product_cat":[569,562],"product_tag":[90,129,91,132,92,103,149,150,130,207,168],"class_list":{"0":"post-8608","1":"product","2":"type-product","3":"status-publish","4":"has-post-thumbnail","6":"product_cat-kupe","7":"product_cat-mucevher","8":"product_tag-altin","9":"product_tag-earring","10":"product_tag-encoksatan","11":"product_tag-eski-tunc-cagi-koleksiyonu","12":"product_tag-gold","13":"product_tag-heritage","14":"product_tag-ilyada","15":"product_tag-ilyada-koleksiyonu","16":"product_tag-kupe","17":"product_tag-troya","18":"product_tag-tunc-cagi","20":"first","21":"instock","22":"taxable","23":"shipping-taxable","24":"purchasable","25":"product-type-simple"},"_links":{"self":[{"href":"https:\/\/u.bytf.tk\/tr\/wp-json\/wp\/v2\/product\/8608","targetHints":{"allow":["GET"]}}],"collection":[{"href":"https:\/\/u.bytf.tk\/tr\/wp-json\/wp\/v2\/product"}],"about":[{"href":"https:\/\/u.bytf.tk\/tr\/wp-json\/wp\/v2\/types\/product"}],"wp:featuredmedia":[{"embeddable":true,"href":"https:\/\/u.bytf.tk\/tr\/wp-json\/wp\/v2\/media\/5065"}],"wp:attachment":[{"href":"https:\/\/u.bytf.tk\/tr\/wp-json\/wp\/v2\/media?parent=8608"}],"wp:term":[{"taxonomy":"product_brand","embeddable":true,"href":"https:\/\/u.bytf.tk\/tr\/wp-json\/wp\/v2\/product_brand?post=8608"},{"taxonomy":"product_cat","embeddable":true,"href":"https:\/\/u.bytf.tk\/tr\/wp-json\/wp\/v2\/product_cat?post=8608"},{"taxonomy":"product_tag","embeddable":true,"href":"https:\/\/u.bytf.tk\/tr\/wp-json\/wp\/v2\/product_tag?post=8608"}],"curies":[{"name":"wp","href":"https:\/\/api.w.org\/{rel}","templated":true}]}}