{"id":8628,"date":"2025-07-13T11:47:14","date_gmt":"2025-07-13T08:47:14","guid":{"rendered":"https:\/\/u.bytf.tk\/product\/yaprak-bronz-gumus-zarf-acacagi\/"},"modified":"2025-07-14T09:33:27","modified_gmt":"2025-07-14T06:33:27","slug":"yaprak-bronz-gumus-zarf-acacagi-zargoxyaprak000","status":"publish","type":"product","link":"https:\/\/u.bytf.tk\/tr\/product\/yaprak-bronz-gumus-zarf-acacagi-zargoxyaprak000\/","title":{"rendered":"Yaprak Bronz G\u00fcm\u00fc\u015f Zarf A\u00e7aca\u011f\u0131"},"content":{"rendered":"<p>Ofisiniz i\u00e7in \u015f\u0131k bir se\u00e7im<\/p>\n<p>925 ayar G\u00fcm\u00fc\u015f, Bronz<\/p><\/p>\n","protected":false},"excerpt":{"rendered":"<p>Ofisiniz i\u00e7in \u015f\u0131k bir se\u00e7im 925 ayar G\u00fcm\u00fc\u015f, Bronz<\/p>\n","protected":false},"featured_media":5333,"template":"","meta":[],"product_brand":[],"product_cat":[587,572],"product_tag":[84,85,91,87,156,241,89],"class_list":{"0":"post-8628","1":"product","2":"type-product","3":"status-publish","4":"has-post-thumbnail","6":"product_cat-diger","7":"product_cat-home","8":"product_tag-bronz","9":"product_tag-bronze","10":"product_tag-encoksatan","11":"product_tag-gumus","12":"product_tag-obje","13":"product_tag-ofis","14":"product_tag-silver","16":"first","17":"instock","18":"taxable","19":"shipping-taxable","20":"purchasable","21":"product-type-simple"},"_links":{"self":[{"href":"https:\/\/u.bytf.tk\/tr\/wp-json\/wp\/v2\/product\/8628","targetHints":{"allow":["GET"]}}],"collection":[{"href":"https:\/\/u.bytf.tk\/tr\/wp-json\/wp\/v2\/product"}],"about":[{"href":"https:\/\/u.bytf.tk\/tr\/wp-json\/wp\/v2\/types\/product"}],"wp:featuredmedia":[{"embeddable":true,"href":"https:\/\/u.bytf.tk\/tr\/wp-json\/wp\/v2\/media\/5333"}],"wp:attachment":[{"href":"https:\/\/u.bytf.tk\/tr\/wp-json\/wp\/v2\/media?parent=8628"}],"wp:term":[{"taxonomy":"product_brand","embeddable":true,"href":"https:\/\/u.bytf.tk\/tr\/wp-json\/wp\/v2\/product_brand?post=8628"},{"taxonomy":"product_cat","embeddable":true,"href":"https:\/\/u.bytf.tk\/tr\/wp-json\/wp\/v2\/product_cat?post=8628"},{"taxonomy":"product_tag","embeddable":true,"href":"https:\/\/u.bytf.tk\/tr\/wp-json\/wp\/v2\/product_tag?post=8628"}],"curies":[{"name":"wp","href":"https:\/\/api.w.org\/{rel}","templated":true}]}}