{"id":8631,"date":"2025-07-13T11:47:14","date_gmt":"2025-07-13T08:47:14","guid":{"rendered":"https:\/\/u.bytf.tk\/product\/nemrut-bloknotluk\/"},"modified":"2025-07-14T09:33:28","modified_gmt":"2025-07-14T06:33:28","slug":"nemrut-bloknotluk-blngoxnemrut000","status":"publish","type":"product","link":"https:\/\/u.bytf.tk\/tr\/product\/nemrut-bloknotluk-blngoxnemrut000\/","title":{"rendered":"Nemrut Bloknotluk"},"content":{"rendered":"<p>Nemrut&#8217;ta h\u00fck\u00fcm s\u00fcrm\u00fc\u015f Kommagene Krall\u0131\u011f\u0131&#8217;ndan bug\u00fcne miras kalan heykellerden uyarlama<\/p>\n<p>925 ayar G\u00fcm\u00fc\u015f, Mermer<\/p>\n<p>En\/Boy : 10,5 cm<\/p>\n<p>Y\u00fckseklik :10 cm<\/p><\/p>\n","protected":false},"excerpt":{"rendered":"<p>Nemrut&#8217;ta h\u00fck\u00fcm s\u00fcrm\u00fc\u015f Kommagene Krall\u0131\u011f\u0131&#8217;ndan bug\u00fcne miras kalan heykellerden uyarlama 925 ayar G\u00fcm\u00fc\u015f, Mermer En\/Boy : 10,5 cm Y\u00fckseklik :10 cm<\/p>\n","protected":false},"featured_media":5343,"template":"","meta":[],"product_brand":[],"product_cat":[587,572],"product_tag":[240,87,152,153,183,184,156,241,89],"class_list":{"0":"post-8631","1":"product","2":"type-product","3":"status-publish","4":"has-post-thumbnail","6":"product_cat-diger","7":"product_cat-home","8":"product_tag-bloknotluk","9":"product_tag-gumus","10":"product_tag-marble","11":"product_tag-mermer","12":"product_tag-nemrut","13":"product_tag-nemrut-koleksiyonu","14":"product_tag-obje","15":"product_tag-ofis","16":"product_tag-silver","18":"first","19":"instock","20":"taxable","21":"shipping-taxable","22":"purchasable","23":"product-type-simple"},"_links":{"self":[{"href":"https:\/\/u.bytf.tk\/tr\/wp-json\/wp\/v2\/product\/8631","targetHints":{"allow":["GET"]}}],"collection":[{"href":"https:\/\/u.bytf.tk\/tr\/wp-json\/wp\/v2\/product"}],"about":[{"href":"https:\/\/u.bytf.tk\/tr\/wp-json\/wp\/v2\/types\/product"}],"wp:featuredmedia":[{"embeddable":true,"href":"https:\/\/u.bytf.tk\/tr\/wp-json\/wp\/v2\/media\/5343"}],"wp:attachment":[{"href":"https:\/\/u.bytf.tk\/tr\/wp-json\/wp\/v2\/media?parent=8631"}],"wp:term":[{"taxonomy":"product_brand","embeddable":true,"href":"https:\/\/u.bytf.tk\/tr\/wp-json\/wp\/v2\/product_brand?post=8631"},{"taxonomy":"product_cat","embeddable":true,"href":"https:\/\/u.bytf.tk\/tr\/wp-json\/wp\/v2\/product_cat?post=8631"},{"taxonomy":"product_tag","embeddable":true,"href":"https:\/\/u.bytf.tk\/tr\/wp-json\/wp\/v2\/product_tag?post=8631"}],"curies":[{"name":"wp","href":"https:\/\/api.w.org\/{rel}","templated":true}]}}