{"id":8637,"date":"2025-07-13T11:47:14","date_gmt":"2025-07-13T08:47:14","guid":{"rendered":"https:\/\/u.bytf.tk\/product\/deniz-yildizi-pecete-halkasi\/"},"modified":"2025-07-14T09:33:28","modified_gmt":"2025-07-14T06:33:28","slug":"deniz-yildizi-pecete-halkasi-pchbrxdeniz-yil","status":"publish","type":"product","link":"https:\/\/u.bytf.tk\/tr\/product\/deniz-yildizi-pecete-halkasi-pchbrxdeniz-yil\/","title":{"rendered":"Deniz Y\u0131ld\u0131z\u0131 Pe\u00e7ete Halkas\u0131"},"content":{"rendered":"<p>Deniz y\u0131ld\u0131z\u0131 fig\u00fcrl\u00fc pe\u00e7ete halkas\u0131<\/p>\n<p>Bronz<\/p>\n<p>2&#8217;li set<\/p><\/p>\n","protected":false},"excerpt":{"rendered":"<p>Deniz y\u0131ld\u0131z\u0131 fig\u00fcrl\u00fc pe\u00e7ete halkas\u0131 Bronz 2&#8217;li set<\/p>\n","protected":false},"featured_media":6252,"template":"","meta":[],"product_brand":[],"product_cat":[572,575],"product_tag":[84,85,109,91,156,173,115],"class_list":{"0":"post-8637","1":"product","2":"type-product","3":"status-publish","4":"has-post-thumbnail","6":"product_cat-home","7":"product_cat-sofra","8":"product_tag-bronz","9":"product_tag-bronze","10":"product_tag-chrismas","11":"product_tag-encoksatan","12":"product_tag-obje","13":"product_tag-sofra","14":"product_tag-yilbasi","16":"first","17":"instock","18":"taxable","19":"shipping-taxable","20":"purchasable","21":"product-type-simple"},"_links":{"self":[{"href":"https:\/\/u.bytf.tk\/tr\/wp-json\/wp\/v2\/product\/8637","targetHints":{"allow":["GET"]}}],"collection":[{"href":"https:\/\/u.bytf.tk\/tr\/wp-json\/wp\/v2\/product"}],"about":[{"href":"https:\/\/u.bytf.tk\/tr\/wp-json\/wp\/v2\/types\/product"}],"wp:featuredmedia":[{"embeddable":true,"href":"https:\/\/u.bytf.tk\/tr\/wp-json\/wp\/v2\/media\/6252"}],"wp:attachment":[{"href":"https:\/\/u.bytf.tk\/tr\/wp-json\/wp\/v2\/media?parent=8637"}],"wp:term":[{"taxonomy":"product_brand","embeddable":true,"href":"https:\/\/u.bytf.tk\/tr\/wp-json\/wp\/v2\/product_brand?post=8637"},{"taxonomy":"product_cat","embeddable":true,"href":"https:\/\/u.bytf.tk\/tr\/wp-json\/wp\/v2\/product_cat?post=8637"},{"taxonomy":"product_tag","embeddable":true,"href":"https:\/\/u.bytf.tk\/tr\/wp-json\/wp\/v2\/product_tag?post=8637"}],"curies":[{"name":"wp","href":"https:\/\/api.w.org\/{rel}","templated":true}]}}