{"id":8651,"date":"2025-07-13T11:47:23","date_gmt":"2025-07-13T08:47:23","guid":{"rendered":"https:\/\/u.bytf.tk\/product\/baykus-buyuk-vazo\/"},"modified":"2025-07-14T09:33:34","modified_gmt":"2025-07-14T06:33:34","slug":"baykus-buyuk-vazo-vazbrxbaykus-bu","status":"publish","type":"product","link":"https:\/\/u.bytf.tk\/tr\/product\/baykus-buyuk-vazo-vazbrxbaykus-bu\/","title":{"rendered":"Bayku\u015f &#8211; B\u00fcy\u00fck Vazo"},"content":{"rendered":"<p>Modern \u00e7izgilerle dizayn edilmi\u015f vazo<\/p>\n<p>Bronz, Bak\u0131r<\/p>\n<p>Y\u00fckseklik :\u00a034 cm<\/p>\n<p>\u00a0<\/p>\n","protected":false},"excerpt":{"rendered":"<p>Modern \u00e7izgilerle dizayn edilmi\u015f vazo Bronz, Bak\u0131r Y\u00fckseklik :\u00a034 cm \u00a0<\/p>\n","protected":false},"featured_media":4625,"template":"","meta":[],"product_brand":[],"product_cat":[572,586],"product_tag":[174,119,84,85,176,97,98,156,120,162,163],"class_list":{"0":"post-8651","1":"product","2":"type-product","3":"status-publish","4":"has-post-thumbnail","6":"product_cat-home","7":"product_cat-vazo","8":"product_tag-bakir","9":"product_tag-baykus","10":"product_tag-bronz","11":"product_tag-bronze","12":"product_tag-copper","13":"product_tag-fauna","14":"product_tag-fauna-koleksiyonu","15":"product_tag-obje","16":"product_tag-owl","17":"product_tag-vase","18":"product_tag-vazo","20":"first","21":"instock","22":"taxable","23":"shipping-taxable","24":"purchasable","25":"product-type-simple"},"_links":{"self":[{"href":"https:\/\/u.bytf.tk\/tr\/wp-json\/wp\/v2\/product\/8651","targetHints":{"allow":["GET"]}}],"collection":[{"href":"https:\/\/u.bytf.tk\/tr\/wp-json\/wp\/v2\/product"}],"about":[{"href":"https:\/\/u.bytf.tk\/tr\/wp-json\/wp\/v2\/types\/product"}],"wp:featuredmedia":[{"embeddable":true,"href":"https:\/\/u.bytf.tk\/tr\/wp-json\/wp\/v2\/media\/4625"}],"wp:attachment":[{"href":"https:\/\/u.bytf.tk\/tr\/wp-json\/wp\/v2\/media?parent=8651"}],"wp:term":[{"taxonomy":"product_brand","embeddable":true,"href":"https:\/\/u.bytf.tk\/tr\/wp-json\/wp\/v2\/product_brand?post=8651"},{"taxonomy":"product_cat","embeddable":true,"href":"https:\/\/u.bytf.tk\/tr\/wp-json\/wp\/v2\/product_cat?post=8651"},{"taxonomy":"product_tag","embeddable":true,"href":"https:\/\/u.bytf.tk\/tr\/wp-json\/wp\/v2\/product_tag?post=8651"}],"curies":[{"name":"wp","href":"https:\/\/api.w.org\/{rel}","templated":true}]}}