{"id":8657,"date":"2025-07-13T11:47:23","date_gmt":"2025-07-13T08:47:23","guid":{"rendered":"https:\/\/u.bytf.tk\/product\/balon-mermer-ayakli-buyuk-canak\/"},"modified":"2025-07-14T09:33:35","modified_gmt":"2025-07-14T06:33:35","slug":"balon-mermer-ayakli-buyuk-canak-cnkgoxbal-mr-ay","status":"publish","type":"product","link":"https:\/\/u.bytf.tk\/tr\/product\/balon-mermer-ayakli-buyuk-canak-cnkgoxbal-mr-ay\/","title":{"rendered":"Balon Mermer Ayakl\u0131 B\u00fcy\u00fck \u00c7anak"},"content":{"rendered":"<p>\u00c7eki\u00e7lemeyle \u00fcretim, tasar\u0131m \u00e7anak<\/p>\n<p>925 ayar G\u00fcm\u00fc\u015f, Mermer<\/p>\n<p>\u00c7ap: 30 cm<\/p><\/p>\n","protected":false},"excerpt":{"rendered":"<p>\u00c7eki\u00e7lemeyle \u00fcretim, tasar\u0131m \u00e7anak 925 ayar G\u00fcm\u00fc\u015f, Mermer \u00c7ap: 30 cm<\/p>\n","protected":false},"featured_media":5404,"template":"","meta":[],"product_brand":[],"product_cat":[573,572],"product_tag":[175,177,87,152,153,156,89],"class_list":{"0":"post-8657","1":"product","2":"type-product","3":"status-publish","4":"has-post-thumbnail","6":"product_cat-canak","7":"product_cat-home","8":"product_tag-bowl","9":"product_tag-canak","10":"product_tag-gumus","11":"product_tag-marble","12":"product_tag-mermer","13":"product_tag-obje","14":"product_tag-silver","16":"first","17":"instock","18":"taxable","19":"shipping-taxable","20":"purchasable","21":"product-type-simple"},"_links":{"self":[{"href":"https:\/\/u.bytf.tk\/tr\/wp-json\/wp\/v2\/product\/8657","targetHints":{"allow":["GET"]}}],"collection":[{"href":"https:\/\/u.bytf.tk\/tr\/wp-json\/wp\/v2\/product"}],"about":[{"href":"https:\/\/u.bytf.tk\/tr\/wp-json\/wp\/v2\/types\/product"}],"wp:featuredmedia":[{"embeddable":true,"href":"https:\/\/u.bytf.tk\/tr\/wp-json\/wp\/v2\/media\/5404"}],"wp:attachment":[{"href":"https:\/\/u.bytf.tk\/tr\/wp-json\/wp\/v2\/media?parent=8657"}],"wp:term":[{"taxonomy":"product_brand","embeddable":true,"href":"https:\/\/u.bytf.tk\/tr\/wp-json\/wp\/v2\/product_brand?post=8657"},{"taxonomy":"product_cat","embeddable":true,"href":"https:\/\/u.bytf.tk\/tr\/wp-json\/wp\/v2\/product_cat?post=8657"},{"taxonomy":"product_tag","embeddable":true,"href":"https:\/\/u.bytf.tk\/tr\/wp-json\/wp\/v2\/product_tag?post=8657"}],"curies":[{"name":"wp","href":"https:\/\/api.w.org\/{rel}","templated":true}]}}