{"id":8683,"date":"2025-07-13T11:47:42","date_gmt":"2025-07-13T08:47:42","guid":{"rendered":"https:\/\/u.bytf.tk\/product\/telkari-kalp-kolye\/"},"modified":"2025-07-14T09:33:42","modified_gmt":"2025-07-14T06:33:42","slug":"telkari-kalp-kolye-klyaa18dtel-kar","status":"publish","type":"product","link":"https:\/\/u.bytf.tk\/tr\/product\/telkari-kalp-kolye-klyaa18dtel-kar\/","title":{"rendered":"Telkari Kalp Kolye"},"content":{"rendered":"<p>Beden\u00a0s\u00fcslemelerinde kullan\u0131lan en g\u00f6zal\u0131c\u0131 teknik olan telkari i\u015f\u00e7ili\u011fi ve\u00a0kahve p\u0131rlantalar ile tasarlanan, a\u015fk\u0131n simgesi kolye<br data-mce-fragment=\"1\"><\/p>\n<p>18 Ayar Alt\u0131n, Kahve P\u0131rlanta<\/p>\n<p>Kolye standart uzunlu\u011fu 42 cm<\/p><\/p>\n","protected":false},"excerpt":{"rendered":"<p>Beden\u00a0s\u00fcslemelerinde kullan\u0131lan en g\u00f6zal\u0131c\u0131 teknik olan telkari i\u015f\u00e7ili\u011fi ve\u00a0kahve p\u0131rlantalar ile tasarlanan, a\u015fk\u0131n simgesi kolye 18 Ayar Alt\u0131n, Kahve P\u0131rlanta Kolye standart uzunlu\u011fu 42 cm<\/p>\n","protected":false},"featured_media":5434,"template":"","meta":[],"product_brand":[],"product_cat":[567,562],"product_tag":[90,93,92,106,107,94,112,138,114,214],"class_list":{"0":"post-8683","1":"product","2":"type-product","3":"status-publish","4":"has-post-thumbnail","6":"product_cat-kolye","7":"product_cat-mucevher","8":"product_tag-altin","9":"product_tag-diamond","10":"product_tag-gold","11":"product_tag-kolye","12":"product_tag-necklace","13":"product_tag-pirlanta","14":"product_tag-sevgililergunu","15":"product_tag-telkari","16":"product_tag-valentines","17":"product_tag-yeni","19":"first","20":"instock","21":"taxable","22":"shipping-taxable","23":"purchasable","24":"product-type-simple"},"_links":{"self":[{"href":"https:\/\/u.bytf.tk\/tr\/wp-json\/wp\/v2\/product\/8683","targetHints":{"allow":["GET"]}}],"collection":[{"href":"https:\/\/u.bytf.tk\/tr\/wp-json\/wp\/v2\/product"}],"about":[{"href":"https:\/\/u.bytf.tk\/tr\/wp-json\/wp\/v2\/types\/product"}],"wp:featuredmedia":[{"embeddable":true,"href":"https:\/\/u.bytf.tk\/tr\/wp-json\/wp\/v2\/media\/5434"}],"wp:attachment":[{"href":"https:\/\/u.bytf.tk\/tr\/wp-json\/wp\/v2\/media?parent=8683"}],"wp:term":[{"taxonomy":"product_brand","embeddable":true,"href":"https:\/\/u.bytf.tk\/tr\/wp-json\/wp\/v2\/product_brand?post=8683"},{"taxonomy":"product_cat","embeddable":true,"href":"https:\/\/u.bytf.tk\/tr\/wp-json\/wp\/v2\/product_cat?post=8683"},{"taxonomy":"product_tag","embeddable":true,"href":"https:\/\/u.bytf.tk\/tr\/wp-json\/wp\/v2\/product_tag?post=8683"}],"curies":[{"name":"wp","href":"https:\/\/api.w.org\/{rel}","templated":true}]}}