{"id":8687,"date":"2025-07-13T11:47:42","date_gmt":"2025-07-13T08:47:42","guid":{"rendered":"https:\/\/u.bytf.tk\/product\/dionysos-ve-ariadne-ii-kolye\/"},"modified":"2025-07-14T09:33:43","modified_gmt":"2025-07-14T06:33:43","slug":"dionysos-ve-ariadne-ii-kolye-ilk-klyaa18dion-ar","status":"publish","type":"product","link":"https:\/\/u.bytf.tk\/tr\/product\/dionysos-ve-ariadne-ii-kolye-ilk-klyaa18dion-ar\/","title":{"rendered":"Dionysos ve Ariadne II Kolye"},"content":{"rendered":"<p>\u015earap Tanr\u0131s\u0131 Dionysos ad\u0131na d\u00fczenlenen \u015f\u00f6lenlerin co\u015fkulu\u00a0atmosferinin betimlemelerinde ki de\u011fi\u015fmez unsurlardan birinin kolye formunda tasar\u0131m\u0131.<\/p>\n<p>18 ayar Alt\u0131n<\/p>\n<p>Kolye standart\u00a0uzunlu\u011fu 42 cm<\/p><\/p>\n","protected":false},"excerpt":{"rendered":"<p>\u015earap Tanr\u0131s\u0131 Dionysos ad\u0131na d\u00fczenlenen \u015f\u00f6lenlerin co\u015fkulu\u00a0atmosferinin betimlemelerinde ki de\u011fi\u015fmez unsurlardan birinin kolye formunda tasar\u0131m\u0131. 18 ayar Alt\u0131n Kolye standart\u00a0uzunlu\u011fu 42 cm<\/p>\n","protected":false},"featured_media":5446,"template":"","meta":[],"product_brand":[],"product_cat":[570,567,562,565],"product_tag":[90,133,134,92,106,107,112,114,214],"class_list":{"0":"post-8687","1":"product","2":"type-product","3":"status-publish","4":"has-post-thumbnail","6":"product_cat-dionysos","7":"product_cat-kolye","8":"product_cat-mucevher","9":"product_cat-urart-heritage","10":"product_tag-altin","11":"product_tag-dionysos","12":"product_tag-dionysos-koleksiyonu","13":"product_tag-gold","14":"product_tag-kolye","15":"product_tag-necklace","16":"product_tag-sevgililergunu","17":"product_tag-valentines","18":"product_tag-yeni","20":"first","21":"instock","22":"taxable","23":"shipping-taxable","24":"purchasable","25":"product-type-simple"},"_links":{"self":[{"href":"https:\/\/u.bytf.tk\/tr\/wp-json\/wp\/v2\/product\/8687","targetHints":{"allow":["GET"]}}],"collection":[{"href":"https:\/\/u.bytf.tk\/tr\/wp-json\/wp\/v2\/product"}],"about":[{"href":"https:\/\/u.bytf.tk\/tr\/wp-json\/wp\/v2\/types\/product"}],"wp:featuredmedia":[{"embeddable":true,"href":"https:\/\/u.bytf.tk\/tr\/wp-json\/wp\/v2\/media\/5446"}],"wp:attachment":[{"href":"https:\/\/u.bytf.tk\/tr\/wp-json\/wp\/v2\/media?parent=8687"}],"wp:term":[{"taxonomy":"product_brand","embeddable":true,"href":"https:\/\/u.bytf.tk\/tr\/wp-json\/wp\/v2\/product_brand?post=8687"},{"taxonomy":"product_cat","embeddable":true,"href":"https:\/\/u.bytf.tk\/tr\/wp-json\/wp\/v2\/product_cat?post=8687"},{"taxonomy":"product_tag","embeddable":true,"href":"https:\/\/u.bytf.tk\/tr\/wp-json\/wp\/v2\/product_tag?post=8687"}],"curies":[{"name":"wp","href":"https:\/\/api.w.org\/{rel}","templated":true}]}}