{"id":8741,"date":"2025-07-13T11:48:18","date_gmt":"2025-07-13T08:48:18","guid":{"rendered":"https:\/\/u.bytf.tk\/product\/zehgir-tek-tas-yuzuk\/"},"modified":"2025-07-14T09:34:11","modified_gmt":"2025-07-14T06:34:11","slug":"zehgir-24-full-tasli-yuzuk-yzkaa18dzehgir0","status":"publish","type":"product","link":"https:\/\/u.bytf.tk\/tr\/product\/zehgir-24-full-tasli-yuzuk-yzkaa18dzehgir0\/","title":{"rendered":"Zehgir 24 Full Ta\u015fl\u0131 Y\u00fcz\u00fck"},"content":{"rendered":"<p>Novus kelime anlam\u0131yla yeni demektir. Ama yenilik\u00a0g\u00f6recelidir. K\u00fclt\u00fcr ve sanat \u00e7izgisinde \u00e7a\u011flar boyu kesintisiz\u00a0bir de\u011fi\u015fim ve yenilenme s\u00fcregelmi\u015ftir. Bu koleksiyondaki tasar\u0131mlar; Eski Tun\u00e7 \u00e7a\u011f\u0131ndan kalan eserlerin, Hitit&#8217;lerden m\u00fccevherlerin, Troya\u2019dan aksesuarlar\u0131n vb. g\u00fcn\u00fcm\u00fcz i\u00e7in yeniden yorumlanmas\u0131d\u0131r. Ayn\u0131 eserler ge\u00e7mi\u015fte de Urart taraf\u0131ndan yorumlanm\u0131\u015ft\u0131r; lakin farkl\u0131 zaman dilimlerinde, farkl\u0131 tarzlarda yorumlanabilecek zengin bir tasar\u0131ma ve tarihe sahip bu eserler zamana yenilmeyen klasiklerdir.<\/p>\n<p>18 ayar Alt\u0131n, P\u0131rlanta<\/p><\/p>\n","protected":false},"excerpt":{"rendered":"<p>Novus kelime anlam\u0131yla yeni demektir. Ama yenilik\u00a0g\u00f6recelidir. K\u00fclt\u00fcr ve sanat \u00e7izgisinde \u00e7a\u011flar boyu kesintisiz\u00a0bir de\u011fi\u015fim ve yenilenme s\u00fcregelmi\u015ftir. Bu koleksiyondaki tasar\u0131mlar; Eski Tun\u00e7 \u00e7a\u011f\u0131ndan kalan eserlerin, Hitit&#8217;lerden m\u00fccevherlerin, Troya\u2019dan aksesuarlar\u0131n vb. g\u00fcn\u00fcm\u00fcz i\u00e7in yeniden yorumlanmas\u0131d\u0131r. Ayn\u0131 eserler ge\u00e7mi\u015fte de Urart taraf\u0131ndan yorumlanm\u0131\u015ft\u0131r; lakin farkl\u0131 zaman dilimlerinde, farkl\u0131 tarzlarda yorumlanabilecek zengin bir&hellip;<\/p>\n","protected":false},"featured_media":5647,"template":"","meta":[],"product_brand":[],"product_cat":[562,589,588,571],"product_tag":[90,93,92,300,301,94,145,214,148],"class_list":{"0":"post-8741","1":"product","2":"type-product","3":"status-publish","4":"has-post-thumbnail","6":"product_cat-mucevher","7":"product_cat-novus","8":"product_cat-yeni","9":"product_cat-yuzuk","10":"product_tag-altin","11":"product_tag-diamond","12":"product_tag-gold","13":"product_tag-novus","14":"product_tag-novus-koleksiyonu","15":"product_tag-pirlanta","16":"product_tag-ring","17":"product_tag-yeni","18":"product_tag-yuzuk","20":"first","21":"instock","22":"taxable","23":"shipping-taxable","24":"purchasable","25":"product-type-variable"},"_links":{"self":[{"href":"https:\/\/u.bytf.tk\/tr\/wp-json\/wp\/v2\/product\/8741","targetHints":{"allow":["GET"]}}],"collection":[{"href":"https:\/\/u.bytf.tk\/tr\/wp-json\/wp\/v2\/product"}],"about":[{"href":"https:\/\/u.bytf.tk\/tr\/wp-json\/wp\/v2\/types\/product"}],"wp:featuredmedia":[{"embeddable":true,"href":"https:\/\/u.bytf.tk\/tr\/wp-json\/wp\/v2\/media\/5647"}],"wp:attachment":[{"href":"https:\/\/u.bytf.tk\/tr\/wp-json\/wp\/v2\/media?parent=8741"}],"wp:term":[{"taxonomy":"product_brand","embeddable":true,"href":"https:\/\/u.bytf.tk\/tr\/wp-json\/wp\/v2\/product_brand?post=8741"},{"taxonomy":"product_cat","embeddable":true,"href":"https:\/\/u.bytf.tk\/tr\/wp-json\/wp\/v2\/product_cat?post=8741"},{"taxonomy":"product_tag","embeddable":true,"href":"https:\/\/u.bytf.tk\/tr\/wp-json\/wp\/v2\/product_tag?post=8741"}],"curies":[{"name":"wp","href":"https:\/\/api.w.org\/{rel}","templated":true}]}}