{"id":8746,"date":"2025-07-13T11:48:18","date_gmt":"2025-07-13T08:48:18","guid":{"rendered":"https:\/\/u.bytf.tk\/product\/ark-4lu-beyaz-kupe\/"},"modified":"2025-07-14T09:34:10","modified_gmt":"2025-07-14T06:34:10","slug":"ark-4lu-beyaz-kupe-kpeaa18darkdo-b","status":"publish","type":"product","link":"https:\/\/u.bytf.tk\/tr\/product\/ark-4lu-beyaz-kupe-kpeaa18darkdo-b\/","title":{"rendered":"Ark 4&#8217;l\u00fc Beyaz K\u00fcpe"},"content":{"rendered":"<p>BURAYA A\u00c7IKLAMA YAZILACAK<\/p>\n<p>18 ayar Alt\u0131n, P\u0131rlanta<\/p><\/p>\n","protected":false},"excerpt":{"rendered":"<p>BURAYA A\u00c7IKLAMA YAZILACAK 18 ayar Alt\u0131n, P\u0131rlanta<\/p>\n","protected":false},"featured_media":7504,"template":"","meta":[],"product_brand":[],"product_cat":[569,562,590,588],"product_tag":[90,486,93,129,92,130,300,94],"class_list":{"0":"post-8746","1":"product","2":"type-product","3":"status-publish","4":"has-post-thumbnail","6":"product_cat-kupe","7":"product_cat-mucevher","8":"product_cat-novus-lux","9":"product_cat-yeni","10":"product_tag-altin","11":"product_tag-ark","12":"product_tag-diamond","13":"product_tag-earring","14":"product_tag-gold","15":"product_tag-kupe","16":"product_tag-novus","17":"product_tag-pirlanta","19":"first","20":"instock","21":"taxable","22":"shipping-taxable","23":"purchasable","24":"product-type-simple"},"_links":{"self":[{"href":"https:\/\/u.bytf.tk\/tr\/wp-json\/wp\/v2\/product\/8746","targetHints":{"allow":["GET"]}}],"collection":[{"href":"https:\/\/u.bytf.tk\/tr\/wp-json\/wp\/v2\/product"}],"about":[{"href":"https:\/\/u.bytf.tk\/tr\/wp-json\/wp\/v2\/types\/product"}],"wp:featuredmedia":[{"embeddable":true,"href":"https:\/\/u.bytf.tk\/tr\/wp-json\/wp\/v2\/media\/7504"}],"wp:attachment":[{"href":"https:\/\/u.bytf.tk\/tr\/wp-json\/wp\/v2\/media?parent=8746"}],"wp:term":[{"taxonomy":"product_brand","embeddable":true,"href":"https:\/\/u.bytf.tk\/tr\/wp-json\/wp\/v2\/product_brand?post=8746"},{"taxonomy":"product_cat","embeddable":true,"href":"https:\/\/u.bytf.tk\/tr\/wp-json\/wp\/v2\/product_cat?post=8746"},{"taxonomy":"product_tag","embeddable":true,"href":"https:\/\/u.bytf.tk\/tr\/wp-json\/wp\/v2\/product_tag?post=8746"}],"curies":[{"name":"wp","href":"https:\/\/api.w.org\/{rel}","templated":true}]}}