{"id":8763,"date":"2025-07-13T11:48:27","date_gmt":"2025-07-13T08:48:27","guid":{"rendered":"https:\/\/u.bytf.tk\/product\/hatmi-yuzuk\/"},"modified":"2025-07-14T09:34:19","modified_gmt":"2025-07-14T06:34:19","slug":"hatmi-yuzuk-yzkaa18hhatmi00","status":"publish","type":"product","link":"https:\/\/u.bytf.tk\/tr\/product\/hatmi-yuzuk-yzkaa18hhatmi00\/","title":{"rendered":"Hatmi Y\u00fcz\u00fck"},"content":{"rendered":"<p>Osmanl\u0131 saraylar\u0131n\u0131n en de\u011ferli k\u00f6\u015felerinden, padi\u015fah ve ailesine \u00f6zel, t\u00fcrl\u00fc t\u00fcrl\u00fc \u00e7i\u00e7eklerle bezenmi\u015f hasbah\u00e7elerde tercih edilen zarif \u00e7i\u00e7eklerden Hatmi&#8217;nin stilize edilmi\u015f formlar\u0131ndan ilham al\u0131narak tasarlanm\u0131\u015f Hasbah\u00e7e Koleksiyonu&#8217;na ait y\u00fcz\u00fck<\/p>\n<p>18 ayar Alt\u0131n, Konyak P\u0131rlanta, Turmalin<\/p><\/p>\n","protected":false},"excerpt":{"rendered":"<p>Osmanl\u0131 saraylar\u0131n\u0131n en de\u011ferli k\u00f6\u015felerinden, padi\u015fah ve ailesine \u00f6zel, t\u00fcrl\u00fc t\u00fcrl\u00fc \u00e7i\u00e7eklerle bezenmi\u015f hasbah\u00e7elerde tercih edilen zarif \u00e7i\u00e7eklerden Hatmi&#8217;nin stilize edilmi\u015f formlar\u0131ndan ilham al\u0131narak tasarlanm\u0131\u015f Hasbah\u00e7e Koleksiyonu&#8217;na ait y\u00fcz\u00fck 18 ayar Alt\u0131n, Konyak P\u0131rlanta, Turmalin<\/p>\n","protected":false},"featured_media":7577,"template":"","meta":[],"product_brand":[],"product_cat":[591,562,588,571],"product_tag":[90,93,92,493,492,94,145,148],"class_list":{"0":"post-8763","1":"product","2":"type-product","3":"status-publish","4":"has-post-thumbnail","6":"product_cat-hasbahce","7":"product_cat-mucevher","8":"product_cat-yeni","9":"product_cat-yuzuk","10":"product_tag-altin","11":"product_tag-diamond","12":"product_tag-gold","13":"product_tag-hasbahce","14":"product_tag-hatmi","15":"product_tag-pirlanta","16":"product_tag-ring","17":"product_tag-yuzuk","19":"first","20":"instock","21":"taxable","22":"shipping-taxable","23":"purchasable","24":"product-type-variable"},"_links":{"self":[{"href":"https:\/\/u.bytf.tk\/tr\/wp-json\/wp\/v2\/product\/8763","targetHints":{"allow":["GET"]}}],"collection":[{"href":"https:\/\/u.bytf.tk\/tr\/wp-json\/wp\/v2\/product"}],"about":[{"href":"https:\/\/u.bytf.tk\/tr\/wp-json\/wp\/v2\/types\/product"}],"wp:featuredmedia":[{"embeddable":true,"href":"https:\/\/u.bytf.tk\/tr\/wp-json\/wp\/v2\/media\/7577"}],"wp:attachment":[{"href":"https:\/\/u.bytf.tk\/tr\/wp-json\/wp\/v2\/media?parent=8763"}],"wp:term":[{"taxonomy":"product_brand","embeddable":true,"href":"https:\/\/u.bytf.tk\/tr\/wp-json\/wp\/v2\/product_brand?post=8763"},{"taxonomy":"product_cat","embeddable":true,"href":"https:\/\/u.bytf.tk\/tr\/wp-json\/wp\/v2\/product_cat?post=8763"},{"taxonomy":"product_tag","embeddable":true,"href":"https:\/\/u.bytf.tk\/tr\/wp-json\/wp\/v2\/product_tag?post=8763"}],"curies":[{"name":"wp","href":"https:\/\/api.w.org\/{rel}","templated":true}]}}