{"id":8771,"date":"2025-07-13T11:48:27","date_gmt":"2025-07-13T08:48:27","guid":{"rendered":"https:\/\/u.bytf.tk\/product\/juva-i-yuzuk\/"},"modified":"2025-07-14T09:34:20","modified_gmt":"2025-07-14T06:34:20","slug":"juva-i-yuzuk-yzkaa18djuvai00","status":"publish","type":"product","link":"https:\/\/u.bytf.tk\/tr\/product\/juva-i-yuzuk-yzkaa18djuvai00\/","title":{"rendered":"Juva I Y\u00fcz\u00fck"},"content":{"rendered":"<p>BURAYA A\u00c7IKLAMA YAZILACAK<\/p>\n<p>18 ayar Alt\u0131n, P\u0131rlanta<\/p><\/p>\n","protected":false},"excerpt":{"rendered":"<p>BURAYA A\u00c7IKLAMA YAZILACAK 18 ayar Alt\u0131n, P\u0131rlanta<\/p>\n","protected":false},"featured_media":7608,"template":"","meta":[],"product_brand":[],"product_cat":[562,590,588,571],"product_tag":[90,93,92,497,94,145,148],"class_list":{"0":"post-8771","1":"product","2":"type-product","3":"status-publish","4":"has-post-thumbnail","6":"product_cat-mucevher","7":"product_cat-novus-lux","8":"product_cat-yeni","9":"product_cat-yuzuk","10":"product_tag-altin","11":"product_tag-diamond","12":"product_tag-gold","13":"product_tag-juva","14":"product_tag-pirlanta","15":"product_tag-ring","16":"product_tag-yuzuk","18":"first","19":"instock","20":"taxable","21":"shipping-taxable","22":"purchasable","23":"product-type-variable"},"_links":{"self":[{"href":"https:\/\/u.bytf.tk\/tr\/wp-json\/wp\/v2\/product\/8771","targetHints":{"allow":["GET"]}}],"collection":[{"href":"https:\/\/u.bytf.tk\/tr\/wp-json\/wp\/v2\/product"}],"about":[{"href":"https:\/\/u.bytf.tk\/tr\/wp-json\/wp\/v2\/types\/product"}],"wp:featuredmedia":[{"embeddable":true,"href":"https:\/\/u.bytf.tk\/tr\/wp-json\/wp\/v2\/media\/7608"}],"wp:attachment":[{"href":"https:\/\/u.bytf.tk\/tr\/wp-json\/wp\/v2\/media?parent=8771"}],"wp:term":[{"taxonomy":"product_brand","embeddable":true,"href":"https:\/\/u.bytf.tk\/tr\/wp-json\/wp\/v2\/product_brand?post=8771"},{"taxonomy":"product_cat","embeddable":true,"href":"https:\/\/u.bytf.tk\/tr\/wp-json\/wp\/v2\/product_cat?post=8771"},{"taxonomy":"product_tag","embeddable":true,"href":"https:\/\/u.bytf.tk\/tr\/wp-json\/wp\/v2\/product_tag?post=8771"}],"curies":[{"name":"wp","href":"https:\/\/api.w.org\/{rel}","templated":true}]}}