{"id":8777,"date":"2025-07-13T11:48:27","date_gmt":"2025-07-13T08:48:27","guid":{"rendered":"https:\/\/u.bytf.tk\/product\/keci-kol-dugmesi\/"},"modified":"2025-07-14T09:34:21","modified_gmt":"2025-07-14T06:34:21","slug":"keci-kol-dugmesi-kldgg00xneomake","status":"publish","type":"product","link":"https:\/\/u.bytf.tk\/tr\/product\/keci-kol-dugmesi-kldgg00xneomake\/","title":{"rendered":"Ke\u00e7i Kol D\u00fc\u011fmesi"},"content":{"rendered":"<p>BURAYA A\u00c7IKLAMA YAZILACAK<\/p>\n<p>925 ayar G\u00fcm\u00fc\u015f<\/p>\n","protected":false},"excerpt":{"rendered":"<p>BURAYA A\u00c7IKLAMA YAZILACAK 925 ayar G\u00fcm\u00fc\u015f<\/p>\n","protected":false},"featured_media":9947,"template":"","meta":[],"product_brand":[],"product_cat":[578,562,592,588],"product_tag":[504,503,181,87,502,500,89],"class_list":{"0":"post-8777","1":"product","2":"type-product","3":"status-publish","4":"has-post-thumbnail","6":"product_cat-kol-dugmesi","7":"product_cat-mucevher","8":"product_cat-neo-magara","9":"product_cat-yeni","10":"product_tag-accessory","11":"product_tag-aksesuar","12":"product_tag-cufflink","13":"product_tag-gumus","14":"product_tag-koldugmesi","15":"product_tag-prehistoric","16":"product_tag-silver","18":"first","19":"instock","20":"taxable","21":"shipping-taxable","22":"purchasable","23":"product-type-simple"},"_links":{"self":[{"href":"https:\/\/u.bytf.tk\/tr\/wp-json\/wp\/v2\/product\/8777","targetHints":{"allow":["GET"]}}],"collection":[{"href":"https:\/\/u.bytf.tk\/tr\/wp-json\/wp\/v2\/product"}],"about":[{"href":"https:\/\/u.bytf.tk\/tr\/wp-json\/wp\/v2\/types\/product"}],"wp:featuredmedia":[{"embeddable":true,"href":"https:\/\/u.bytf.tk\/tr\/wp-json\/wp\/v2\/media\/9947"}],"wp:attachment":[{"href":"https:\/\/u.bytf.tk\/tr\/wp-json\/wp\/v2\/media?parent=8777"}],"wp:term":[{"taxonomy":"product_brand","embeddable":true,"href":"https:\/\/u.bytf.tk\/tr\/wp-json\/wp\/v2\/product_brand?post=8777"},{"taxonomy":"product_cat","embeddable":true,"href":"https:\/\/u.bytf.tk\/tr\/wp-json\/wp\/v2\/product_cat?post=8777"},{"taxonomy":"product_tag","embeddable":true,"href":"https:\/\/u.bytf.tk\/tr\/wp-json\/wp\/v2\/product_tag?post=8777"}],"curies":[{"name":"wp","href":"https:\/\/api.w.org\/{rel}","templated":true}]}}