{"id":8779,"date":"2025-07-13T11:48:27","date_gmt":"2025-07-13T08:48:27","guid":{"rendered":"https:\/\/u.bytf.tk\/product\/nocturne-3lu-kupe\/"},"modified":"2025-07-14T09:34:21","modified_gmt":"2025-07-14T06:34:21","slug":"nocturne-3lu-kupe-kpeag10dnoctiii","status":"publish","type":"product","link":"https:\/\/u.bytf.tk\/tr\/product\/nocturne-3lu-kupe-kpeag10dnoctiii\/","title":{"rendered":"Nocturne 3&#8217;l\u00fc K\u00fcpe"},"content":{"rendered":"<p>BURAYA A\u00c7IKLAMA YAZILACAK<\/p>\n<p>10 ayar Alt\u0131n, 925 ayar G\u00fcm\u00fc\u015f, Konyak P\u0131rlanta<\/p><\/p>\n","protected":false},"excerpt":{"rendered":"<p>BURAYA A\u00c7IKLAMA YAZILACAK 10 ayar Alt\u0131n, 925 ayar G\u00fcm\u00fc\u015f, Konyak P\u0131rlanta<\/p>\n","protected":false},"featured_media":7631,"template":"","meta":[],"product_brand":[],"product_cat":[569,562,589,588],"product_tag":[90,93,129,92,87,130,506,94,89],"class_list":{"0":"post-8779","1":"product","2":"type-product","3":"status-publish","4":"has-post-thumbnail","6":"product_cat-kupe","7":"product_cat-mucevher","8":"product_cat-novus","9":"product_cat-yeni","10":"product_tag-altin","11":"product_tag-diamond","12":"product_tag-earring","13":"product_tag-gold","14":"product_tag-gumus","15":"product_tag-kupe","16":"product_tag-nocturne","17":"product_tag-pirlanta","18":"product_tag-silver","20":"first","21":"instock","22":"taxable","23":"shipping-taxable","24":"purchasable","25":"product-type-simple"},"_links":{"self":[{"href":"https:\/\/u.bytf.tk\/tr\/wp-json\/wp\/v2\/product\/8779","targetHints":{"allow":["GET"]}}],"collection":[{"href":"https:\/\/u.bytf.tk\/tr\/wp-json\/wp\/v2\/product"}],"about":[{"href":"https:\/\/u.bytf.tk\/tr\/wp-json\/wp\/v2\/types\/product"}],"wp:featuredmedia":[{"embeddable":true,"href":"https:\/\/u.bytf.tk\/tr\/wp-json\/wp\/v2\/media\/7631"}],"wp:attachment":[{"href":"https:\/\/u.bytf.tk\/tr\/wp-json\/wp\/v2\/media?parent=8779"}],"wp:term":[{"taxonomy":"product_brand","embeddable":true,"href":"https:\/\/u.bytf.tk\/tr\/wp-json\/wp\/v2\/product_brand?post=8779"},{"taxonomy":"product_cat","embeddable":true,"href":"https:\/\/u.bytf.tk\/tr\/wp-json\/wp\/v2\/product_cat?post=8779"},{"taxonomy":"product_tag","embeddable":true,"href":"https:\/\/u.bytf.tk\/tr\/wp-json\/wp\/v2\/product_tag?post=8779"}],"curies":[{"name":"wp","href":"https:\/\/api.w.org\/{rel}","templated":true}]}}