{"id":9972,"date":"2025-07-14T02:24:18","date_gmt":"2025-07-13T23:24:18","guid":{"rendered":"https:\/\/u.bytf.tk\/product\/baykus-bilezik-blzaa10xbaykus0\/"},"modified":"2025-07-14T09:34:29","modified_gmt":"2025-07-14T06:34:29","slug":"baykus-bilezik-blzaa10xbaykus0-6645","status":"publish","type":"product","link":"https:\/\/u.bytf.tk\/tr\/product\/baykus-bilezik-blzaa10xbaykus0-6645\/","title":{"rendered":"Bayku\u015f Bilezik"},"content":{"rendered":"<p>Bilgelik sembol\u00fc Bayku\u015f fig\u00fcrl\u00fc bilezik<\/p>\n<p>10\u00a0ayar Alt\u0131n<\/p>\n<p>\u00a0<\/p>\n","protected":false},"excerpt":{"rendered":"<p>Bilgelik sembol\u00fc Bayku\u015f fig\u00fcrl\u00fc bilezik 10\u00a0ayar Alt\u0131n \u00a0<\/p>\n","protected":false},"featured_media":4090,"template":"","meta":[],"product_brand":[],"product_cat":[563,562],"product_tag":[90,119,82,83,109,86,91,97,98,92,120,112,114,115],"class_list":{"0":"post-9972","1":"product","2":"type-product","3":"status-publish","4":"has-post-thumbnail","6":"product_cat-bilezik","7":"product_cat-mucevher","8":"product_tag-altin","9":"product_tag-baykus","10":"product_tag-bilezik","11":"product_tag-bracelet","12":"product_tag-chrismas","13":"product_tag-contemporary","14":"product_tag-encoksatan","15":"product_tag-fauna","16":"product_tag-fauna-koleksiyonu","17":"product_tag-gold","18":"product_tag-owl","19":"product_tag-sevgililergunu","20":"product_tag-valentines","21":"product_tag-yilbasi","23":"first","24":"instock","25":"taxable","26":"shipping-taxable","27":"purchasable","28":"product-type-simple"},"_links":{"self":[{"href":"https:\/\/u.bytf.tk\/tr\/wp-json\/wp\/v2\/product\/9972","targetHints":{"allow":["GET"]}}],"collection":[{"href":"https:\/\/u.bytf.tk\/tr\/wp-json\/wp\/v2\/product"}],"about":[{"href":"https:\/\/u.bytf.tk\/tr\/wp-json\/wp\/v2\/types\/product"}],"wp:featuredmedia":[{"embeddable":true,"href":"https:\/\/u.bytf.tk\/tr\/wp-json\/wp\/v2\/media\/4090"}],"wp:attachment":[{"href":"https:\/\/u.bytf.tk\/tr\/wp-json\/wp\/v2\/media?parent=9972"}],"wp:term":[{"taxonomy":"product_brand","embeddable":true,"href":"https:\/\/u.bytf.tk\/tr\/wp-json\/wp\/v2\/product_brand?post=9972"},{"taxonomy":"product_cat","embeddable":true,"href":"https:\/\/u.bytf.tk\/tr\/wp-json\/wp\/v2\/product_cat?post=9972"},{"taxonomy":"product_tag","embeddable":true,"href":"https:\/\/u.bytf.tk\/tr\/wp-json\/wp\/v2\/product_tag?post=9972"}],"curies":[{"name":"wp","href":"https:\/\/api.w.org\/{rel}","templated":true}]}}