{"id":9976,"date":"2025-07-14T02:24:18","date_gmt":"2025-07-13T23:24:18","guid":{"rendered":"https:\/\/u.bytf.tk\/product\/polygonos-sari-kucuk-uniteli-bilezik-blzaa18dpolygon\/"},"modified":"2025-07-14T09:34:30","modified_gmt":"2025-07-14T06:34:30","slug":"polygonos-sari-kucuk-uniteli-bilezik-blzaa18dpolygon-6810","status":"publish","type":"product","link":"https:\/\/u.bytf.tk\/tr\/product\/polygonos-sari-kucuk-uniteli-bilezik-blzaa18dpolygon-6810\/","title":{"rendered":"Polygonos Sar\u0131 K\u00fc\u00e7\u00fck \u00dcniteli Bilezik"},"content":{"rendered":"<p>\u00c7izgi ve dairelerden olu\u015fan geleneksel geometrik sonsuz y\u0131ld\u0131zs\u0131 desenlerden tasarlanm\u0131\u015f bilezik<\/p>\n<p>18 ayar Alt\u0131n, Kahverengi P\u0131rlanta<\/p><\/p>\n","protected":false},"excerpt":{"rendered":"<p>\u00c7izgi ve dairelerden olu\u015fan geleneksel geometrik sonsuz y\u0131ld\u0131zs\u0131 desenlerden tasarlanm\u0131\u015f bilezik 18 ayar Alt\u0131n, Kahverengi P\u0131rlanta<\/p>\n","protected":false},"featured_media":5193,"template":"","meta":[],"product_brand":[],"product_cat":[563,562],"product_tag":[90,82,83,93,92,94,279,280,214],"class_list":{"0":"post-9976","1":"product","2":"type-product","3":"status-publish","4":"has-post-thumbnail","6":"product_cat-bilezik","7":"product_cat-mucevher","8":"product_tag-altin","9":"product_tag-bilezik","10":"product_tag-bracelet","11":"product_tag-diamond","12":"product_tag-gold","13":"product_tag-pirlanta","14":"product_tag-polygonos","15":"product_tag-polygonos-koleksiyonu","16":"product_tag-yeni","18":"first","19":"instock","20":"taxable","21":"shipping-taxable","22":"purchasable","23":"product-type-simple"},"_links":{"self":[{"href":"https:\/\/u.bytf.tk\/tr\/wp-json\/wp\/v2\/product\/9976","targetHints":{"allow":["GET"]}}],"collection":[{"href":"https:\/\/u.bytf.tk\/tr\/wp-json\/wp\/v2\/product"}],"about":[{"href":"https:\/\/u.bytf.tk\/tr\/wp-json\/wp\/v2\/types\/product"}],"wp:featuredmedia":[{"embeddable":true,"href":"https:\/\/u.bytf.tk\/tr\/wp-json\/wp\/v2\/media\/5193"}],"wp:attachment":[{"href":"https:\/\/u.bytf.tk\/tr\/wp-json\/wp\/v2\/media?parent=9976"}],"wp:term":[{"taxonomy":"product_brand","embeddable":true,"href":"https:\/\/u.bytf.tk\/tr\/wp-json\/wp\/v2\/product_brand?post=9976"},{"taxonomy":"product_cat","embeddable":true,"href":"https:\/\/u.bytf.tk\/tr\/wp-json\/wp\/v2\/product_cat?post=9976"},{"taxonomy":"product_tag","embeddable":true,"href":"https:\/\/u.bytf.tk\/tr\/wp-json\/wp\/v2\/product_tag?post=9976"}],"curies":[{"name":"wp","href":"https:\/\/api.w.org\/{rel}","templated":true}]}}